{"id":2265,"date":"2022-08-18T14:05:34","date_gmt":"2022-08-18T12:05:34","guid":{"rendered":"https:\/\/hackyeah.pl\/she-hacks\/"},"modified":"2025-09-30T11:55:01","modified_gmt":"2025-09-30T09:55:01","slug":"she-hacks","status":"publish","type":"page","link":"https:\/\/hackyeah.pl\/pl\/she-hacks\/","title":{"rendered":"She Hacks"},"content":{"rendered":"<div data-label=\"About\" data-id=\"about--1\" data-export-id=\"about-8\" data-category=\"about\" class=\"about-8 content-section content-section-spacing\" id=\"about\" style=\"\">\r\n<div  class=\"big_text animated zoomIn duration3 eds-on-scroll \">SHE HACKS<\/div>\r\n<div  class=\"gridContainer\">\r\n<div  class=\"fluid\">\r\n<div  class=\"row middle-sm text-center\">\r\n<div  class=\"col-md-12\">\r\n\r\n<div class=\"wrapper\">\r\n  <h2 class=\"glitch-shehacks\">SHE HACKS<\/h2>\r\n<\/div>\r\n\r\n\t<div class=\"col-md-12 row\">\r\n\t\t<h2 class=\"task_name text-left\">Czym jest SheHacks?<\/h2>\r\n\t\t<p class=\"text-left page_text\">\r\n\t\t<span style=\"color: #e80081\">She Hacks<\/span> to inicjatywa stworzona przez kobiety, dla kobiet, kt\u00f3re chc\u0105 zaznaczy\u0107 swoj\u0105 obecno\u015b\u0107 w bran\u017cy IT.\r\nChcemy wspiera\u0107 dziewczyny w ich rozwoju zawodowym, zach\u0119ca\u0107 do dzielenia si\u0119 wiedz\u0105 i do\u015bwiadczeniem, motywowa\u0107 do wyst\u0119p\u00f3w na konferencjach i budowania pewno\u015bci siebie w pracy.\r\nWierzymy, \u017ce IT to miejsce dla r\u00f3\u017cnorodno\u015bci &#8211; a odwaga, otwarto\u015b\u0107 i rozw\u00f3j to klucz do sukcesu.\r\nDo\u0142\u0105cz do nas, je\u015bli chcesz rosn\u0105\u0107 razem z nami, wspiera\u0107 innych i pokaza\u0107 \u015bwiatu <span style=\"color: #02bcc1\">#GirlPower<\/span> w techu!\r\n<\/p>\r\n<br><br>\r\n\r\n<h2 class=\"task_name text-left\">She Hacks na HackYeah!<\/h2>\r\n<p class=\"text-left page_text\">\r\nSk\u0105d pomys\u0142 na She Hacks podczas HackYeah?<br>\r\nHackathon to przestrze\u0144 dla wszystkich, kt\u00f3rzy kochaj\u0105 nowe technologie. To w\u0142a\u015bnie r\u00f3\u017cnorodno\u015b\u0107 buduje si\u0142\u0119 zespo\u0142\u00f3w i pozwala na najlepsze rozwi\u0105zania!\r\n\tW zesz\u0142ym roku a\u017c <span style=\"color: #02bcc1\">750 kobiet wzi\u0119\u0142o udzia\u0142 w HackYeah<\/span> \u2013 to a\u017c 25% wszystkich uczestnik\u00f3w! A pami\u0119tacie pierwsz\u0105 edycj\u0119? Wtedy by\u0142o nas tylko 50!\r\nRazem robimy ogromny progres i pokazujemy, \u017ce technologia ma kobiec\u0105 twarz.\r\n<br><br>\r\nW 2025 idziemy jeszcze dalej \u2013 chcemy, \u017ceby She Hacks sta\u0142o si\u0119 jeszcze wi\u0119kszym wsparciem dla wszystkich dziewczyn, kt\u00f3re chc\u0105 si\u0119 rozwija\u0107, kodowa\u0107 i\u2026 wygrywa\u0107!\r\n<\/p>\r\n\t<br><br>\t\r\n\r\n\t<\/div>\r\n\t\r\n\t\t<!-- GALERIA [ngg src=\"galleries\" ids=\"1\" display=\"basic_thumbnail\" thumbnail_crop=\"0\"]-->\r\n\t\r\n\t\r\n<h2 class=\"task_name text-left\">Ambassagirls 2025<\/h2>\r\n\r\n<div class=\"col-md-12 \">\r\n\t<div class=\"eventory-speakers\" data-event-id=\"5692\" data-bio-url=\"\/bio_she_hacks\" data-lecture-url=\"\" data-public-key=\"5692.Df3AKUSXxP0vN6-vDINNuvYzXwo\"><\/div>\r\n\r\n<\/div>\r\n\r\n\t\t<div class=\"col-md-12 col-sm-12 \">\r\n<div class=\"eventory-partners\" data-event-id=\"5692\" style=\"margin-bottom: 60px!important; margin: auto;\" data-public-key=\"5692.Df3AKUSXxP0vN6-vDINNuvYzXwo\"><\/div>\r\n<\/div>\r\n\r\n\t<h2 class=\"task_name text-left\">Chcesz wiedzie\u0107 wi\u0119cej?<\/h2>\r\n\t<p class=\"text-left page_text\">\r\n\t<span style=\"color: #e80081\">Napisz do mnie!<\/span>\r\n\t<\/p>\r\n\t<div class=\"col-md-12\">\r\n\t\t<div class=\"col-md-3\">\r\n\t\t<li class=\"evtr-speaker evtr-no-bio\">\r\n\t\t<div class=\"zdjecie\">\r\n\t\t\t<img loading=\"lazy\" decoding=\"async\" class=\"evtr-photo\" src=\"\/wp-content\/uploads\/2023\/03\/tomaszi.jpg\" alt=\"Paulina Tomaszewska\" title=\"Paulina Tomaszewska\" width=\"500\" height=\"500\">\r\n\t\t<\/div>\r\n<div class=\"name_container\">\r\n  <div class=\"nazwisko\"><span class=\"evtr-first-name\">Paulina<\/span>\r\n  <span class=\"evtr-last-name\">Tomaszewska<\/span><\/div>\r\n  <span class=\"evtr-company\">paulina.tomaszewska [@] proidea.org.pl<\/span>\r\n  \r\n  <\/div>\r\n<\/li>\r\n\t\t\r\n\t<\/div>\t\r\n\t<\/div>\r\n\t\r\n\t\t\r\n<\/div>\r\n<\/div>\r\n<\/div>\r\n<\/div>\r\n<\/div>\t","protected":false},"excerpt":{"rendered":"<p>SHE HACKS SHE HACKS Czym jest SheHacks? She Hacks to inicjatywa stworzona przez kobiety, dla kobiet, kt\u00f3re chc\u0105 zaznaczy\u0107 swoj\u0105 obecno\u015b\u0107 w bran\u017cy IT. Chcemy wspiera\u0107 dziewczyny w ich rozwoju zawodowym, zach\u0119ca\u0107 do dzielenia si\u0119 wiedz\u0105 i do\u015bwiadczeniem, motywowa\u0107 do wyst\u0119p\u00f3w na konferencjach i budowania pewno\u015bci siebie w pracy. Wierzymy, \u017ce IT to miejsce dla&hellip; <br \/> <a class=\"read-more\" href=\"https:\/\/hackyeah.pl\/pl\/she-hacks\/\">Read more<\/a><\/p>\n","protected":false},"author":6,"featured_media":0,"parent":0,"menu_order":0,"comment_status":"closed","ping_status":"closed","template":"pro\/page-templates\/full-width-homepage-header.php","meta":{"ngg_post_thumbnail":0,"footnotes":""},"class_list":["post-2265","page","type-page","status-publish","hentry"],"aioseo_notices":[],"_links":{"self":[{"href":"https:\/\/hackyeah.pl\/pl\/wp-json\/wp\/v2\/pages\/2265","targetHints":{"allow":["GET"]}}],"collection":[{"href":"https:\/\/hackyeah.pl\/pl\/wp-json\/wp\/v2\/pages"}],"about":[{"href":"https:\/\/hackyeah.pl\/pl\/wp-json\/wp\/v2\/types\/page"}],"author":[{"embeddable":true,"href":"https:\/\/hackyeah.pl\/pl\/wp-json\/wp\/v2\/users\/6"}],"replies":[{"embeddable":true,"href":"https:\/\/hackyeah.pl\/pl\/wp-json\/wp\/v2\/comments?post=2265"}],"version-history":[{"count":16,"href":"https:\/\/hackyeah.pl\/pl\/wp-json\/wp\/v2\/pages\/2265\/revisions"}],"predecessor-version":[{"id":3917,"href":"https:\/\/hackyeah.pl\/pl\/wp-json\/wp\/v2\/pages\/2265\/revisions\/3917"}],"wp:attachment":[{"href":"https:\/\/hackyeah.pl\/pl\/wp-json\/wp\/v2\/media?parent=2265"}],"curies":[{"name":"wp","href":"https:\/\/api.w.org\/{rel}","templated":true}]}}