{"id":2281,"date":"2023-05-17T19:48:46","date_gmt":"2023-05-17T17:48:46","guid":{"rendered":"https:\/\/hackyeah.pl\/zestaw-dla-mediow\/"},"modified":"2026-05-04T10:32:27","modified_gmt":"2026-05-04T08:32:27","slug":"media-kit","status":"publish","type":"page","link":"https:\/\/hackyeah.pl\/pl\/media-kit\/","title":{"rendered":"Media Kit PL"},"content":{"rendered":"<div data-id=\"initial-content-section\" data-export-id=\"initial-content-section\" data-label=\"Initial Content\" id=\"initial-content-section\" class=\"content-section content-section-spacing\">\r\n<div class=\"big_text animated zoomIn duration3 eds-on-scroll \">MEDIA KIT<\/div>\r\n<div class=\"gridContainer\">\r\n<div class=\"fluid\">\r\n<div class=\"row middle-sm text-center\">\r\n<div class=\"col-md-12\">\r\n\r\n<div class=\"wrapper\">\r\n  <h2 class=\"glitch-mediakit\">MEDIA KIT<\/h2>\r\n<\/div>\r\n\t\r\n<div class=\"row justify-content-between\" style=\"margin-top: 90px\">\r\n \t<div class=\"col-md-12\">\r\n\r\n\r\n<p class=\"text-left page_text\">\r\nCze\u015b\u0107 partnerzy i przyjaciele HackYeah!\r\n<br><br>\r\nPrzygotowali\u015bmy troch\u0119 materia\u0142\u00f3w promocyjnych. <a href=\"https:\/\/drive.google.com\/drive\/folders\/1_j7bjzq7l2ClHgGSiy4bXfnLulIEelvY\" target=\"_blank\" style=\"color: #e6007e !important; text-decoration: none\" rel=\"noopener\">Znajdziecie tu<\/a> logotypy, zdj\u0119cia, komunikaty prasowe i tre\u015bci na media spo\u0142eczno\u015bciowe \u2014 wszystko, czego potrzebujecie, \u017ceby rozprzestrzeni\u0107 informacj\u0119 o hackathonie. <br><br>\r\nDzi\u0119kujemy za zainteresowanie i za Wasze wsparcie! <br><br>\r\nW razie pyta\u0144, piszcie na na adres: <a href=\"mailto:aleksandra.michalska@proidea.org.pl\" target=\"_blank\" style=\"color: #e6007e !important; text-decoration: none\" rel=\"noopener\">aleksandra.michalska@proidea.org.pl<\/a><\/p>\r\n\r\n\t\t<br><br>\r\n<p class=\"text-left page_text\">\r\n\t\r\n\t<strong class=\"textTitle\">Logo HackYeah:<\/strong>\r\n\t<br>\r\n\t<a href=\"\/wp-content\/uploads\/2024\/08\/Logo-HackYeah2024.zip\" style=\"color: #e6007e !important;\">Pobierz<\/a>\r\n\t<br><br>\r\n\t<strong class=\"textTitle\">\u015aLED\u0179 NAS I OZNACZAJ:<\/strong>\r\n\t<br><br>\r\n  HackYeah Web - [ <a style=\"color: #e6007e !important;\" href=\"https:\/\/hackyeah.pl\/pl\/\"> https:\/\/hackyeah.pl\/ <\/a> ]<br>\r\n  HackYeah Facebook - [ <a style=\"color: #e6007e !important;\" href=\"https:\/\/www.facebook.com\/HackYeahPL\/\"> https:\/\/www.facebook.com\/HackYeahPL\/ <\/a> ]<br>\r\n  HackYeah Linkedin - [ <a style=\"color: #e6007e !important;\" href=\"https:\/\/www.linkedin.com\/showcase\/hackyeah-hackathon\/\"> https:\/\/www.linkedin.com\/showcase\/hackyeah-hackathon\/ <\/a> ]  <br>\r\n  HackYeah X - [ <a style=\"color: #e6007e !important;\" href=\"https:\/\/x.com\/HackYeah\"> https:\/\/x.com\/HackYeah<\/a> ]  <br>\r\n  HackYeah Instagram - [ <a style=\"color: #e6007e !important;\" href=\"https:\/\/www.instagram.com\/hackyeah_\/\"> https:\/\/www.instagram.com\/hackyeah_\/ <\/a> ]  <br>\r\n  HackYeah Discord - [ <a style=\"color: #e6007e !important;\" href=\"https:\/\/discord.gg\/JJzBhMs5uF\"> https:\/\/discord.com\/invite\/hackyeah <\/a> ]  \r\n\t\t<\/p>\t\t\r\n\t\t\r\n<\/div>\r\n<\/div>\r\n\t\r\n<\/div>\r\n<\/div>\r\n<\/div>\r\n<\/div>\r\n<\/div>\r\n<br><br>\r\n<div class=\"footer_PL\">\r\n<div  data-label=\"Cta\" data-id=\"cta--1\" data-export-id=\"cta-centered-bg-section\" data-category=\"cta\" data-section-ov=\"1\" class=\"content-section\" style=\"background-color: #e6007e; padding-bottom: 40px;\" id=\"contact\">\r\n\t<div  class=\"gridContainer\">\r\n<div  class=\"col-md-12 row\">\r\n\t\r\n<div  class=\"col-lg-3 col-md-3 col-xl-12 organizatorzy org-2\">\r\n\t<h2  class=\"organizatorzy\">ALICJA<br>W\u00d3JCIGA<\/h2>\r\n<p  class=\"p1\">Project Manager<\/p>\r\n<p  class=\"p1\">tel. +48 607 804 160<\/p>\t\t\r\n<p  class=\"p2\"><a  href=\"mailto:alicja.wojciga@proidea.pl\" class=\"org-a\">alicja.wojciga@proidea.pl<\/a><\/p>\r\n<\/div>\r\n\t\r\n<div  class=\"col-lg-3 col-md-3 col-xl-12 organizatorzy org-2\" style=\"text-align: left;\">\r\n<h2  class=\"organizatorzy\">ADRIAN<br>LEGUTKO<\/h2>\r\n<p  class=\"p1\">Partners & Project Manager<\/p>\r\n<p  class=\"p1\">tel. +48 506 804 442<\/p>\t\t\r\n<p  class=\"p2\"><a  href=\"mailto:partners@proidea.pl\" class=\"org-a\">partners@proidea.pl<\/a><\/p>\r\n<\/div>\t\r\n<div  class=\"col-lg-3 col-md-3 col-xl-12 organizatorzy org-2\"  style=\"text-align: left;\">\r\n<h2  class=\"organizatorzy\">PAULINA<br>KARCZ<\/h2>\r\n<p  class=\"p1\">Media & Community<\/p>\r\n<p  class=\"p1\">tel. +48 605 526 440<\/p>\t\t\r\n<p  class=\"p2\"><a  href=\"mailto:paulina.karcz@proidea.org.pl\" class=\"org-a\">paulina.karcz@proidea.org.pl<\/a><\/p>\r\n<\/div>\r\n\t\r\n<div  class=\"col-lg-3 col-md-3 col-xl-12 organizatorzy org-2\"  style=\"text-align: left;\">\r\n<h2  class=\"organizatorzy\">KONRAD<br>KORZEC<\/h2>\r\n<p  class=\"p1\">Project Manager & Mentors<\/p>\r\n<p  class=\"p1\">tel. +48 605 626 440<\/p>\t\t\r\n<p  class=\"p2\"><a  href=\"mailto:konrad.korzec@proidea.pl\" class=\"org-a\">konrad.korzec@proidea.pl<\/a><\/p>\r\n<\/div>\r\n\t\r\n<\/div>\r\n<\/div>\r\n<\/div>\r\n\r\n<div class=\"footer footer-content-lists footer-border-accent\">\r\n    <div class=\"footer-content-HY\" style=\"\">\r\n        <div class=\"gridContainer\">\r\n            <div class=\"row\">\r\n                <div class=\"col-sm-12 flexbox\">\r\n                    <div class=\"row widgets-row\">\r\n\t\t\t\t\t\t<div class=\"col-sm-4\">\r\n                            <div id=\"block-11\" class=\"widget widget_block\"><p>Proidea Sp. z o.o.<br> ul. Zakopia\u0144ska 9<br> 30-418 Krak\u00f3w<\/p>\r\n\r\n\r\n\r\n<div class=\"clearfix\"><\/div><\/div>\t\t\t\t\t\t\t     <div data-type=\"group\" data-dynamic-mod=\"true\" class=\"social-icons\">\r\n                      <a target=\"_blank\" class=\"social-icon\" href=\"\">\r\n                  <i class=\"fa fa-facebook-official\"><\/i>\r\n              <\/a>\r\n                            <a target=\"_blank\" class=\"social-icon\" href=\"\">\r\n                  <i class=\"fa fa-twitter-square\"><\/i>\r\n              <\/a>\r\n              \r\n    <\/div>\r\n\r\n                            <\/div>\r\n                       \r\n                        <div class=\"col-sm-4\">\r\n                            <div id=\"block-24\" class=\"widget widget_block\"><div class=\"contact-info\">\r\n<ul>\r\n<li>\r\n<span><a href=\"mailto:rejestracja@proidea.org.pl\">rejestracja@proidea.org.pl<\/a><\/span>\r\n\r\n<\/li>\r\n<li>\r\n<span><a href=\"mailto:biuro@proidea.org.pl\">biuro@proidea.org.pl<\/a><\/span>\r\n\r\n<\/li>\r\n<li>\r\n<a href=\"https:\/\/proidea.pl\/\"><span>www.proidea.pl<\/span><\/a>\r\n\r\n<\/li>\r\n<\/ul>\r\n<\/div>\r\n\r\n\r\n<div class=\"clearfix\"><\/div><\/div>                        <\/div>\r\n\t\t\t\t\t\t <div class=\"col-sm-4\">\r\n                            <div id=\"block-21\" class=\"widget widget_block\">\r\n\t\t\t\t\t\t\t\t\t<a href=\"https:\/\/discord.gg\/JJzBhMs5uF\" target=\"_blank\"><img decoding=\"async\" src=\"\/wp-content\/uploads\/2024\/06\/discord_btn_2024.png\"  alt=\"\"\/><\/a>\r\n\t<br>\r\n\t<a target=\"_blank\" class=\"social-icon\" href=\"https:\/\/www.facebook.com\/HackYeahPL\/\"><img decoding=\"async\" src=\"\/wp-content\/uploads\/2024\/06\/fb_icon.png\"  alt=\"\"\/> <\/a>\r\n\t<a target=\"_blank\" class=\"social-icon\" href=\"https:\/\/twitter.com\/hackyeah\"> <img decoding=\"async\" src=\"\/wp-content\/uploads\/2024\/06\/x-icon-1-1.png\"  alt=\"\"\/>  <\/a>\r\n\t<a target=\"_blank\" class=\"social-icon\" href=\"https:\/\/www.linkedin.com\/showcase\/hackyeah-hackathon\"><img decoding=\"async\" src=\"\/wp-content\/uploads\/2024\/06\/linked_icon.png\"  alt=\"\"\/><\/a>\r\n\t<a target=\"_blank\" class=\"social-icon\" href=\"https:\/\/www.salesmanago.pl\/mscf\/rvtrjfnxrvz1uhyt\/default\/HackYeah_2024_newsletter_landingpage.htm \"><img decoding=\"async\" src=\"\/wp-content\/uploads\/2024\/06\/zapisz-sie-newsletter.png\"  alt=\"\"\/><\/a>\r\n\t\t\t\t\t\t\t\t<br>\r\n\t\t\t\t\t\t\t\t<a href=\"https:\/\/hackyeah.pl\/wp-content\/uploads\/2026\/04\/HackYeah_2026_Regulamin_Rules.pdf\" target=\"_blank\">REGULAMIN<\/a> | <a href=\"https:\/\/hackyeah.pl\/wp-content\/uploads\/2026\/04\/HackYeah_2026_Polityka_Prywatnos\u0301ci_Privacy_Policy.pdf\" target=\"_blank\">POLITYKA PRYWATNO\u015aCI<\/a><\/div>                        <\/div>\r\n                      \r\n                    <\/div>\r\n                <\/div>\r\n\t\t\t\t\r\n\r\n\r\n            <\/div>\r\n        <\/div>\r\n    <\/div>\r\n<\/div>\r\n<\/div>\r\n","protected":false},"excerpt":{"rendered":"MEDIA KIT MEDIA KIT Cze\u015b\u0107 partnerzy i przyjaciele HackYeah! Przygotowali\u015bmy troch\u0119 materia\u0142\u00f3w promocyjnych. Znajdziecie tu logotypy, zdj\u0119cia, komunikaty prasowe i tre\u015bci na media spo\u0142eczno\u015bciowe \u2014 wszystko, czego potrzebujecie, \u017ceby rozprzestrzeni\u0107 informacj\u0119 o hackathonie. Dzi\u0119kujemy za zainteresowanie i za Wasze wsparcie! W razie pyta\u0144, piszcie na na adres: aleksandra.michalska@proidea.org.pl Logo HackYeah: Pobierz \u015aLED\u0179 NAS I OZNACZAJ:&hellip; <br> <a class=\"read-more\" href=\"https:\/\/hackyeah.pl\/pl\/media-kit\/\">Read more<\/a>","protected":false},"author":6,"featured_media":0,"parent":0,"menu_order":0,"comment_status":"closed","ping_status":"closed","template":"pro\/page-templates\/full-width-homepage-header.php","meta":{"ngg_post_thumbnail":0,"footnotes":""},"class_list":["post-2281","page","type-page","status-publish","hentry"],"aioseo_notices":[],"_links":{"self":[{"href":"https:\/\/hackyeah.pl\/pl\/wp-json\/wp\/v2\/pages\/2281","targetHints":{"allow":["GET"]}}],"collection":[{"href":"https:\/\/hackyeah.pl\/pl\/wp-json\/wp\/v2\/pages"}],"about":[{"href":"https:\/\/hackyeah.pl\/pl\/wp-json\/wp\/v2\/types\/page"}],"author":[{"embeddable":true,"href":"https:\/\/hackyeah.pl\/pl\/wp-json\/wp\/v2\/users\/6"}],"replies":[{"embeddable":true,"href":"https:\/\/hackyeah.pl\/pl\/wp-json\/wp\/v2\/comments?post=2281"}],"version-history":[{"count":17,"href":"https:\/\/hackyeah.pl\/pl\/wp-json\/wp\/v2\/pages\/2281\/revisions"}],"predecessor-version":[{"id":4059,"href":"https:\/\/hackyeah.pl\/pl\/wp-json\/wp\/v2\/pages\/2281\/revisions\/4059"}],"wp:attachment":[{"href":"https:\/\/hackyeah.pl\/pl\/wp-json\/wp\/v2\/media?parent=2281"}],"curies":[{"name":"wp","href":"https:\/\/api.w.org\/{rel}","templated":true}]}}