{"id":2283,"date":"2022-11-19T11:18:40","date_gmt":"2022-11-19T10:18:40","guid":{"rendered":"https:\/\/hackyeah.pl\/przewodnik\/"},"modified":"2024-02-21T12:26:17","modified_gmt":"2024-02-21T11:26:17","slug":"przewodnik__trashed","status":"publish","type":"page","link":"https:\/\/hackyeah.pl\/pl\/przewodnik__trashed\/","title":{"rendered":"Przewodnik"},"content":{"rendered":"<div data-label=\"About\" data-id=\"about--1\" data-export-id=\"about-8\" data-category=\"about\" class=\"about-8 content-section content-section-spacing\" id=\"about\" style=\"background-color: #ffffff; background-image: none;\">\n<div class=\"big_text animated zoomIn duration3 eds-on-scroll\">PRZEWODNIK<\/div>\n<div class=\"gridContainer\">\n<div class=\"fluid\">\n<div class=\"row middle-sm text-center\">\n<div class=\"col-sm-12\">\n<h2 class=\"text-center hr_bg\" id=\"marg-40\"><span>PRZEWODNIK<\/span><\/h2>\n<\/div>\n<div class=\"col-md-12 row\">\n<h2 class=\"task_name text-left\">HackYeah wkr\u00f3tce si\u0119 rozpocznie, a oto wszystko, co musisz wiedzie\u0107!<\/h2>\n<p class=\"text-left page_text\"><span style=\"color: #e80081\"><br \/>\n  <strong>PO PIERWSZE<\/strong><br \/>\n<\/span> &#8211; czekamy na Was w <a href=\"https:\/\/www.google.pl\/maps\/place\/TAURON+Arena+Krak%C3%B3w\/@50.0677147,19.9913921,17z\/data=!3m1!4b1!4m6!3m5!1s0x47165b2aaa8854c5:0xfdfeadc1a58cb0b0!8m2!3d50.0677147!4d19.9913921!16s%2Fm%2F0gvqs_k\">Tauron Arenie w Krakowie<\/a>. To b\u0119dzie WSPANIA\u0141E spotka\u0107 si\u0119 osobi\u015bcie!  <\/p>\n<p><span style=\"color: #61358a\"><br \/>\n  <strong>PO DRUGIE<\/strong><br \/>\n<\/span> &#8211; czy jeste\u015bcie na <a href=\"https:\/\/discord.com\/invite\/hackyeah?smclient=73c62d0e-2840-11eb-b169-2841c6acdb70&amp;utm_source=salesmanago&amp;utm_medium=test&amp;utm_campaign=default\">Discordzie<\/a>? Nie? Musisz by\u0107, bo inaczej wszystko przegapisz! Zaloguj si\u0119 teraz, poniewa\u017c ca\u0142a komunikacja odbywa si\u0119 w\u0142a\u015bnie tam i w\u0142a\u015bnie teraz! Znajd\u017a swoje dru\u017cyny, poznaj mentor\u00f3w. Pami\u0119taj, <strong>aby u\u017cy\u0107 nazwy zespo\u0142u jako przedrostka<\/strong> (na przyk\u0142ad TEAM123_lemur).<\/p>\n<h2 class=\"task_name text-left\">PRZED OPUSZCZENIEM DOMU<\/h2>\n<p class=\"text-left page_text\">Ustaw map\u0119 na Tauron Arenie, jak si\u0119 tam dosta\u0107:<\/p>\n<p>\t\t  &#8211; <strong> komunikacj\u0105 miejsk\u0105:<\/strong> ustaw swoj\u0105 map\u0119 na <a href=\"https:\/\/www.google.pl\/maps\/place\/TAURON+Arena+Krak%C3%B3w\/@50.0677147,19.9892034,17z\/data=!3m1!4b1!4m5!3m4!1s0x47165b2aaa8854c5:0xfdfeadc1a58cb0b0!8m2!3d50.0677147!4d19.9913921?smclient=73c62d0e-2840-11eb-b169-2841c6acdb70&amp;utm_source=salesmanago&amp;utm_medium=test&amp;utm_campaign=default\">Tauron Arenie Krak\u00f3w<\/a>.<br \/>\n   &#8211; <strong> samochodem:<\/strong> parking przy Tauron Arenie b\u0119dzie dost\u0119pny 24\/7 w cenie 10 PLN za ca\u0142e wydarzenie, p\u0142atne z g\u00f3ry got\u00f3wk\u0105 przy wej\u015bciu. UWAGA &#8211; p\u0142atno\u015b\u0107 przy ka\u017cdym wej\u015bciu. Je\u015bli opu\u015bcisz parking i b\u0119dziesz chcia\u0142 wr\u00f3ci\u0107, zap\u0142acisz ponownie 10 PLN!  <\/p>\n<h2 class=\"task_name text-left\">AGENDA<\/h2>\n<ul>\n<li><strong>Rejestracja rozpoczyna si\u0119 o godzinie 9:00 w sobot\u0119.<\/strong> Upewnij si\u0119, \u017ce przyjdziesz nie p\u00f3\u017aniej ni\u017c o <strong>11:00<\/strong>, w przeciwnym razie sp\u00f3\u017anisz si\u0119 na szczeg\u00f3\u0142owe wprowadzenie do zada\u0144! (a najlepsze miejsca do kodowania b\u0119d\u0105 ju\u017c zaj\u0119te :D).<\/li>\n<li><strong>W sobot\u0119 od 11:<\/strong> 00 &#8211; powitanie, wyja\u015bnienie zasad, wprowadzenie do zada\u0144, mn\u00f3stwo atrakcji od naszych niesamowitych partner\u00f3w!  <\/li>\n<li>W <strong>sobot\u0119 o 12:00<\/strong> zaczyna si\u0119 szale\u0144stwo &#8211; kodowanie!  <\/li>\n<li>Po godzinie <strong>12:<\/strong> 00 dost\u0119pna b\u0119dzie pizza, piwo, \u015bwietne prezentacje, webinaria i konkursy z niesamowitymi nagrodami.<\/li>\n<\/ul>\n<div class=\"col-md-2\"><a href=\"https:\/\/hackyeah.pl\/#agenda\" class=\"button\" target=\"_blank\" rel=\"noopener\">HARMONOGRAM<\/a><\/div>\n<p class=\"text-left page_text\">\n<h2 class=\"task_name text-left\">WiFi<\/h2>\n<p class=\"text-left page_text\">\n\t\t\t<strong>SSID:<\/strong> HackYeah2022<br \/>\n\t\t\t<strong>Has\u0142o: <\/strong>ConnectWithLemurs<\/p>\n<h2 class=\"task_name text-left\">STREFA KODOWANIA  <\/h2>\n<ul>\n<li><strong>Mamy 760 000 z\u0142 w puli nagr\u00f3d!<\/strong>  B\u0119dziesz mie\u0107 24 godziny na wykonanie wybranego zadania.  <\/li>\n<li><a href=\"https:\/\/challengerocket.com\/hackyeah-2022?smclient=73c62d0e-2840-11eb-b169-2841c6acdb70&amp;utm_source=salesmanago&amp;utm_medium=test&amp;utm_campaign=default\">ChallengeRocket<\/a> &#8211; to platforma, na kt\u00f3rej s\u0119dziowie b\u0119d\u0105 ocenia\u0107 Twoje projekty. Dodaj swoje zespo\u0142y do godziny <strong>20:00 w sobot\u0119<\/strong> i prze\u015blij ostateczne projekty do godziny <strong>12:00 w niedziel\u0119<\/strong>.  <\/li>\n<li><strong>Masz ju\u017c zesp\u00f3\u0142? Uwaga:<\/strong>  Tylko 1 osoba z zespo\u0142u powinna zarejestrowa\u0107 si\u0119 <a href=\"https:\/\/challengerocket.com\/hackyeah-2022\">tutaj<\/a> i wype\u0142ni\u0107 formularz, aby przes\u0142a\u0107 sw\u00f3j innowacyjny projekt do oceny mentor\u00f3w\/jury.<\/li>\n<li><a href=\"https:\/\/discord.com\/invite\/hackyeah\">DISCORD<\/a> &#8211; naszym g\u0142\u00f3wnym kana\u0142em komunikacji jest Discord. Do\u0142\u0105cz do nas, je\u015bli nie chcesz przegapi\u0107 najwa\u017cniejszych informacji. WA\u017bNE: Przygotowali\u015bmy kana\u0142 na Discordzie, na kt\u00f3rym mo\u017cesz znale\u017a\u0107 znajomych do dru\u017cyny, wi\u0119c je\u015bli nie masz sk\u0142adu, koniecznie to sprawd\u017a!<\/li>\n<li><strong>Mentorzy<\/strong> &#8211; b\u0119d\u0105 do Twojej dyspozycji przez ca\u0142y czas trwania wydarzenia! Je\u015bli potrzebujesz wsparcia, mo\u017cesz poprosi\u0107 ich o pomoc. Najszybszy spos\u00f3b skontaktowania si\u0119 z nimi? Przejd\u017a do <strong>MENTORS VILLAGE<\/strong> lub skontaktuj si\u0119 z nimi przez <a href=\"https:\/\/discord.com\/invite\/hackyeah?smclient=73c62d0e-2840-11eb-b169-2841c6acdb70&amp;utm_source=salesmanago&amp;utm_medium=test&amp;utm_campaign=default\">DISCORD<\/a>.<\/li>\n<li><strong>Zadania otwarte Less Waste &amp; IoT<\/strong> &#8211; po raz pierwszy ocenione przez publiczno\u015b\u0107 (po sesji pitchingowej)! Upewnijcie si\u0119 wi\u0119c, \u017ce wszyscy zostaniecie z nami do samego ko\u0144ca, aby zag\u0142osowa\u0107 na najlepsze rozwi\u0105zanie, poniewa\u017c co druga osoba g\u0142osuj\u0105ca otrzyma nagrod\u0119 (podstawowe bilety na HackYeah 2023 i kilka bilet\u00f3w na HOT MEALS).<\/li>\n<\/ul>\n<h2 class=\"task_name text-left\">DODATKOWE INFORMACJE<\/h2>\n<ul>\n<li><strong>Wa\u017cne:<\/strong> na stadionie b\u0119dzie 19 stopni (poniewa\u017c jest to optymalne \u015brodowisko pracy), wi\u0119c upewnij si\u0119, \u017ce zabra\u0142e\u015b ze sob\u0105 ciep\u0142e ubrania. Postaramy si\u0119 zapewni\u0107 ci ciep\u0142o! \ud83d\ude42<\/li>\n<li><strong>Nie b\u0119dziesz g\u0142odny!  <\/strong>Mo\u017cesz zabra\u0107 ze sob\u0105 swoje jedzenie, ale pami\u0119taj, \u017ce przygotowali\u015bmy dla Ciebie COFFEE BREAK ZONE i du\u017co pizzy. Ponadto przez ca\u0142y czas b\u0119dzie dost\u0119pna strefa gastronomiczna.<\/li>\n<li><strong>INFORMACJA DLA UCZESTNIK\u00d3W Z BILETAMI NA GOR\u0104CY POSI\u0141EK:<\/strong> podczas rejestracji otrzymasz 3 bony \u017cywno\u015bciowe. Mo\u017cna z nich korzysta\u0107 w dowolnym momencie wydarzenia, a\u017c do niedzieli do godziny 5:00 PM. Kupony mo\u017cna wymienia\u0107 na smako\u0142yki w strefie gastronomicznej w Tauron Arenie oraz w foodtrackach zlokalizowanych wok\u00f3\u0142 stadionu.<\/li>\n<li><strong>Konferencja? Yaaas!<\/strong>  2 utwory, kt\u00f3re dostarcz\u0105 ci troch\u0119 m\u0105dro\u015bci. Sprawd\u017a agend\u0119 <a href=\"https:\/\/hackyeah.pl\/lectures-agenda\/\">TUTAJ<\/a>.<\/li>\n<li><strong>PROIDEA STAND I STREFA CHILLOUT<\/strong> &#8211; wci\u0105\u017c szukasz dru\u017cyny? Chod\u017a tutaj! Od 12:15 do 13:00 odb\u0119dzie si\u0119 <strong>TEAM BUILDING ZONE<\/strong>, gdzie postaramy si\u0119 pom\u00f3c w znalezieniu koleg\u00f3w z dru\u017cyny. Potrzebujesz pomocy? Zapraszamy r\u00f3wnie\u017c do tej strefy! Mo\u017cna tam uzyska\u0107 wszystkie potrzebne informacje. Ponadto b\u0119dzie zabawa, rywalizacja i co\u015b na rozgrzewk\u0119.  <\/li>\n<li><strong>After<\/strong> party, a tak\u017ce spotkanie z Jsonem z <a href=\"https:\/\/www.facebook.com\/HRejterzy\/\">HRejterzy<\/a> odb\u0119dzie si\u0119 o 20:00 w MA\u0141A HALA! B\u0119dziesz mia\u0142 okazj\u0119 troch\u0119 porusza\u0107 biodrami i napi\u0107 si\u0119 piwa.<\/li>\n<li><strong>Drzemka energetyczna?<\/strong>  Mamy U! B\u0119dzie tam miejsce do spania i prysznic. Mamy kilka materacy (kto pierwszy, ten lepszy), ale upewnij si\u0119, \u017ce masz w\u0142asny \u015bpiw\u00f3r.<\/li>\n<\/ul><\/div>\n<\/div>\n<\/div>\n<\/div>\n","protected":false},"excerpt":{"rendered":"<p>PRZEWODNIK PRZEWODNIK HackYeah wkr\u00f3tce si\u0119 rozpocznie, a oto wszystko, co musisz wiedzie\u0107! PO PIERWSZE &#8211; czekamy na Was w Tauron Arenie w Krakowie. To b\u0119dzie WSPANIA\u0141E spotka\u0107 si\u0119 osobi\u015bcie! PO DRUGIE &#8211; czy jeste\u015bcie na Discordzie? Nie? Musisz by\u0107, bo inaczej wszystko przegapisz! Zaloguj si\u0119 teraz, poniewa\u017c ca\u0142a komunikacja odbywa si\u0119 w\u0142a\u015bnie tam i w\u0142a\u015bnie&hellip; <br \/> <a class=\"read-more\" href=\"https:\/\/hackyeah.pl\/pl\/przewodnik__trashed\/\">Read more<\/a><\/p>\n","protected":false},"author":1,"featured_media":0,"parent":0,"menu_order":0,"comment_status":"closed","ping_status":"closed","template":"pro\/page-templates\/full-width-homepage-header.php","meta":{"ngg_post_thumbnail":0,"footnotes":""},"class_list":["post-2283","page","type-page","status-publish","hentry"],"aioseo_notices":[],"_links":{"self":[{"href":"https:\/\/hackyeah.pl\/pl\/wp-json\/wp\/v2\/pages\/2283","targetHints":{"allow":["GET"]}}],"collection":[{"href":"https:\/\/hackyeah.pl\/pl\/wp-json\/wp\/v2\/pages"}],"about":[{"href":"https:\/\/hackyeah.pl\/pl\/wp-json\/wp\/v2\/types\/page"}],"author":[{"embeddable":true,"href":"https:\/\/hackyeah.pl\/pl\/wp-json\/wp\/v2\/users\/1"}],"replies":[{"embeddable":true,"href":"https:\/\/hackyeah.pl\/pl\/wp-json\/wp\/v2\/comments?post=2283"}],"version-history":[{"count":2,"href":"https:\/\/hackyeah.pl\/pl\/wp-json\/wp\/v2\/pages\/2283\/revisions"}],"predecessor-version":[{"id":2327,"href":"https:\/\/hackyeah.pl\/pl\/wp-json\/wp\/v2\/pages\/2283\/revisions\/2327"}],"wp:attachment":[{"href":"https:\/\/hackyeah.pl\/pl\/wp-json\/wp\/v2\/media?parent=2283"}],"curies":[{"name":"wp","href":"https:\/\/api.w.org\/{rel}","templated":true}]}}