{"id":2294,"date":"2023-03-15T16:36:23","date_gmt":"2023-03-15T15:36:23","guid":{"rendered":"https:\/\/hackyeah.pl\/zadania-i-nagrody\/"},"modified":"2025-10-04T12:04:10","modified_gmt":"2025-10-04T10:04:10","slug":"zadania-nagrody","status":"publish","type":"page","link":"https:\/\/hackyeah.pl\/pl\/zadania-nagrody\/","title":{"rendered":"ZADANIA I NAGRODY"},"content":{"rendered":"<div id=\"initial-content-section\" class=\"content-section content-section-spacing\" data-id=\"initial-content-section\" data-export-id=\"initial-content-section\" data-label=\"Initial Content\">\r\n<div class=\"big_text animated zoomIn duration3 eds-on-scroll \">ZADANIA I NAGRODY<\/div>\r\n<div class=\"gridContainer\">\r\n<div class=\"fluid\">\r\n<div class=\"row middle-sm text-center\">\r\n<div class=\"wrapper\">\r\n<h2 class=\"glitch-zadania\">ZADANIA I NAGRODY<\/h2>\r\n<\/div>\r\n<div class=\"row\">\r\n<div class=\"col-md-12\">\r\n<h5 class=\"h5-task white\">ZADANIA <span class=\"meganta-ticket\">OTWARTE<\/span><\/h5>\r\n<\/div>\r\n<\/div>\r\n<div class=\"row justify-content-between zad_all \" style=\"margin-top: 90px;\">\r\n<div class=\"col-md-5 zad_cont_2 \">\r\n<h5 class=\"zad_1_img\"><span class=\"\">BIOHACKING<\/span><\/h5>\r\n<h5 class=\"h5-task white cat-task\"><span class=\"turkus-ticket\">ZADANIA<\/span> OTWARTE<\/h5>\r\n<p class=\"task_pize marg-top-70\">PULA NAGR\u00d3D<\/p>\r\n<img decoding=\"async\" class=\"tasks-prize-img\" src=\"\/wp-content\/uploads\/2024\/09\/5k.png\">\r\n<p class=\"text-center zad_text col-pink note\">Uwaga: Projekty mo\u017cna sk\u0142ada\u0107 w j\u0119zyku polskim lub angielskim.<\/p>\r\n<p class=\"text-left zad_text\">Odkryj pe\u0142en potencja\u0142 ludzkiego cia\u0142a! To wyzwanie \u0142\u0105czy zdrowie, nauk\u0119 i technologi\u0119, by podnie\u015b\u0107 ludzk\u0105 wydajno\u015b\u0107 na nowy poziom. Stw\u00f3rz aplikacj\u0119, urz\u0105dzenie lub system, kt\u00f3ry poprawi funkcje poznawcze, jako\u015b\u0107 snu lub kondycj\u0119 fizyczn\u0105. Pomy\u015bl o monitorowaniu stresu w czasie rzeczywistym, spersonalizowanych wskaz\u00f3wkach \u017cywieniowych czy inteligentnym planowaniu trening\u00f3w. Mo\u017ce to by\u0107 aplikacja mindfulness wspomagaj\u0105ca koncentracj\u0119 albo rewolucyjny gad\u017cet zdrowotny. Poka\u017c nam, jak technologia mo\u017ce wspiera\u0107 dobre samopoczucie!<\/p>\r\n\t\r\n<div class=\"row justify-content-between\">\r\n<div class=\"col-md-6\">\r\n<div class=\"term_btn\" onclick=\"location.href='https:\/\/hackyeah.pl\/tasks\/RULES_OpenTask_Biohacking.pdf';\" style=\"cursor:pointer;\">RULES<\/div>\r\n<\/div>\r\n<div class=\"col-md-6\">\r\n<div class=\"term_btn\" onclick=\"location.href='https:\/\/hackyeah.pl\/tasks\/DETAILS_OpenTask_Biohacking.pdf';\" style=\"cursor:pointer;\">DETAILS<\/div>\r\n<\/div>\r\n<\/div>\r\n\t\r\n<\/div>\r\n<div class=\"col-md-5 zad_cont_2 \">\r\n<h5 class=\"zad_1_img\"><span class=\"\">OBRONA I BEZPIECZE\u0143STWO<\/span><\/h5>\r\n<h5 class=\"h5-task white cat-task\"><span class=\"turkus-ticket\">ZADANIA<\/span> OTWARTE<\/h5>\r\n<p class=\"task_pize marg-top-70\">PULA NAGR\u00d3D<\/p>\r\n<img decoding=\"async\" class=\"tasks-prize-img\" src=\"\/wp-content\/uploads\/2024\/09\/5k.png\">\r\n<p class=\"text-center zad_text col-pink note\">Uwaga: Projekty mo\u017cna sk\u0142ada\u0107 w j\u0119zyku polskim lub angielskim.<\/p>\r\n<p class=\"text-left zad_text\">Zmierz si\u0119 z wyzwaniami globalnego bezpiecze\u0144stwa w dynamicznie zmieniaj\u0105cym si\u0119 \u015bwiecie. Ta \u015bcie\u017cka hackathonu szuka prze\u0142omowych rozwi\u0105za\u0144 do walki z nowymi zagro\u017ceniami w erze cyfrowej.\r\nStw\u00f3rz narz\u0119dzia lub strategie zwi\u0119kszaj\u0105ce cyberbezpiecze\u0144stwo, przeciwdzia\u0142aj\u0105ce dezinformacji lub wspieraj\u0105ce zarz\u0105dzanie zasobami w strefach konfliktu. We\u017a pod uwag\u0119 konsekwencje wydobycia w g\u0142\u0119binach morskich, kwestie prywatno\u015bci danych czy cyfryzacj\u0119 konflikt\u00f3w.\r\n<br><br>\r\nTwoim zadaniem jest stworzenie innowacyjnych, odpowiedzialnych i etycznych rozwi\u0105za\u0144, kt\u00f3re wzmacniaj\u0105 mi\u0119dzynarodow\u0105 wsp\u00f3\u0142prac\u0119, chroni\u0105 kluczow\u0105 infrastruktur\u0119 i pomagaj\u0105 \u0142agodzi\u0107 skutki napi\u0119\u0107 geopolitycznych. Pami\u0119taj, \u017ce Tw\u00f3j projekt powinien by\u0107 zgodny ze standardami i warto\u015bciami NATO.\r\n<\/p>\r\n<div class=\"row justify-content-between\">\r\n<div class=\"col-md-6\">\r\n<div class=\"term_btn\" onclick=\"location.href='https:\/\/hackyeah.pl\/tasks\/RULES_OpenTask_Defence.pdf';\" style=\"cursor:pointer;\">RULES<\/div>\r\n<\/div>\r\n<div class=\"col-md-6\">\r\n<div class=\"term_btn\" onclick=\"location.href='https:\/\/hackyeah.pl\/tasks\/DETAILS_OpenTask_Defence.pdf';\" style=\"cursor:pointer;\">DETAILS<\/div>\r\n<\/div>\r\n<\/div>\r\n<\/div>\r\n\t\r\n<div class=\"col-md-5 zad_cont_2 \">\r\n<h5 class=\"zad_1_img\"><span class=\"\">PODR\u00d3\u017bE<\/span><\/h5>\r\n<h5 class=\"h5-task white cat-task\"><span class=\"turkus-ticket\">ZADANIA<\/span> OTWARTE<\/h5>\r\n<p class=\"task_pize marg-top-70\">PULA NAGR\u00d3D<\/p>\r\n<img decoding=\"async\" class=\"tasks-prize-img\" src=\"\/wp-content\/uploads\/2024\/09\/5k.png\">\r\n<p class=\"text-center zad_text col-pink note\">Uwaga: Projekty mo\u017cna sk\u0142ada\u0107 w j\u0119zyku polskim lub angielskim.<\/p>\r\n<p class=\"text-left zad_text\">Przemy\u015bl na nowo, jak podr\u00f3\u017cowa\u0107!\r\nNiezale\u017cnie od tego, czy chodzi o bezpiecze\u0144stwo, zr\u00f3wnowa\u017cony rozw\u00f3j czy po prostu przyjemno\u015b\u0107 z odkrywania \u015bwiata \u2013 chcemy zobaczy\u0107 Twoje najlepsze pomys\u0142y w akcji.\r\n\t<br><br>\r\nZastan\u00f3w si\u0119, jak technologia mo\u017ce odpowiedzie\u0107 na rosn\u0105cy trend \u201ecalmcations\u201d (spokojnych wakacji), pom\u00f3c podr\u00f3\u017cnym w pe\u0142ni si\u0119 zregenerowa\u0107, stworzy\u0107 platform\u0119 dla warto\u015bciowych wymian kulturowych lub nowy spos\u00f3b na bezstresowe zwiedzanie miast. Od ekologicznego planowania podr\u00f3\u017cy po inteligentne rozwi\u0105zania zwi\u0119kszaj\u0105ce bezpiecze\u0144stwo \u2013 poka\u017c nam, jak Tw\u00f3j pomys\u0142 mo\u017ce uczyni\u0107 podr\u00f3\u017cowanie bogatszym i bardziej komfortowym dla ka\u017cdego.\r\n<\/p>\r\n<div class=\"row justify-content-between\">\r\n<div class=\"col-md-6\">\r\n<div class=\"term_btn\" onclick=\"location.href='https:\/\/hackyeah.pl\/tasks\/RULES_OpenTask_Travel.pdf';\" style=\"cursor:pointer;\">RULES<\/div>\r\n<\/div>\r\n<div class=\"col-md-6\">\r\n<div class=\"term_btn\" onclick=\"location.href='https:\/\/hackyeah.pl\/tasks\/DETAILS_OpenTask_Travel.pdf';\" style=\"cursor:pointer;\">DETAILS<\/div>\r\n<\/div>\r\n<\/div>\r\n<\/div>\r\n\t\r\n<div class=\"col-md-5 zad_cont_2 \">\r\n<h5 class=\"zad_1_img\"><span class=\"\">GAMEDEV<\/span><\/h5>\r\n<h5 class=\"h5-task white cat-task\"><span class=\"turkus-ticket\">ZADANIA<\/span> OTWARTE<\/h5>\r\n<p class=\"task_pize marg-top-70\">PULA NAGR\u00d3D<\/p>\r\n<img decoding=\"async\" class=\"tasks-prize-img\" src=\"\/wp-content\/uploads\/2024\/09\/5k.png\">\r\n<p class=\"text-center zad_text col-pink note\">Uwaga: Projekty mo\u017cna sk\u0142ada\u0107 w j\u0119zyku polskim lub angielskim.<\/p>\r\n<p class=\"text-left zad_text\">Stw\u00f3rz vertical slice gry (mobilnej, webowej, na PC lub VR), kt\u00f3ry zawiera elementy horroru, tajemnicy lub zjawisk nadprzyrodzonych. Nie musi to by\u0107 typowa gra grozy, ale powinna zawiera\u0107 co\u015b niesamowitego, mistycznego lub niepokoj\u0105cego.<\/p>\r\n<div class=\"row justify-content-between\">\r\n<div class=\"col-md-6\">\r\n<div class=\"term_btn\" onclick=\"location.href='https:\/\/hackyeah.pl\/tasks\/RULES_Open Task_ Gamedev.pdf';\" style=\"cursor:pointer;\">RULES<\/div>\r\n<\/div>\r\n<div class=\"col-md-6\">\r\n<div class=\"term_btn\" onclick=\"location.href='https:\/\/hackyeah.pl\/tasks\/DETAILS_OpenTask_Gamedev.pdf';\" style=\"cursor:pointer;\">DETAILS<\/div>\r\n<\/div>\r\n<\/div>\r\n<\/div>\r\n\t\r\n<\/div>\r\n<div class=\"col-md-12\">\r\n<div class=\"row\">\r\n<div class=\"col-md-12\">\r\n<h5 class=\"h5-task white\" style=\"margin-top: 40px;\">ZADANIA <span class=\"meganta-ticket\">PARTNERSKIE<\/span><\/h5>\r\nMasz pomys\u0142 i chcesz rzuci\u0107 wyzwanie hakerom? <a style=\"color: #e80081; text-decoration: none;\" href=\"mailto:partners@proidea.pl\">Skontaktuj si\u0119 z nam<\/a> i zosta\u0144 Partnerem Zadania!\r\n\r\n<\/div>\r\n<div class=\"row justify-content-between zad_all \" style=\"margin-top: 90px;\">\r\n<div class=\"col-md-5 zad_cont \">\r\n<h5 class=\"zad_1_img\"><span class=\"\">#Prompt2Code2<\/span><\/h5>\r\n<div class=\"zad_4_img\"><img decoding=\"async\" class=\"\" src=\"\/wp-content\/uploads\/2025\/09\/uknf_logo.png\"><\/div>\r\n&nbsp;\r\n<p class=\"task_pize marg-top-70\" style=\"margin-top: 90px !important;\">PULA NAGR\u00d3D<\/p>\r\n<img decoding=\"async\" class=\"tasks-prize-img\" src=\"\/wp-content\/uploads\/2025\/09\/35k.png\">\r\n<p class=\"text-center zad_text col-pink note\">Uwaga: Projekty mo\u017cna sk\u0142ada\u0107 w j\u0119zyku polskim lub angielskim.<\/p>\r\n<p class=\"text-left zad_text\">W erze sztucznej inteligencji proces wytwarzania oprogramowania przechodzi fundamentaln\u0105 transformacj\u0119. Tradycyjne podej\u015bcie do pisania kodu linia po linii ust\u0119puje miejsca nowej metodologii, w kt\u00f3rej deweloperzy staj\u0105 si\u0119 prompt in\u017cynierami, a kod jest generowany przy u\u017cyciu odpowiednio zaprojektowanych instrukcji dla du\u017cych modeli j\u0119zykowych.\r\nZadanie ma na celu stworzenie systemu, z maksymalnym wsparciem modeli AI podczas procesu wytw\u00f3rczego. Opr\u00f3cz dostarczenia dzia\u0142aj\u0105cej aplikacji, zespo\u0142y musz\u0105 udokumentowa\u0107 proces pracy z modelami do generowania kodu. Celem jest pokazanie, jak poprzez odpowiednie konstruowanie i iterowanie prompt\u00f3w uda\u0142o si\u0119 uzyska\u0107 finalny efekt.\r\n\t<br><br>\r\nUKNF w zakresie wymiany informacji zwi\u0105zanych z realizowaniem obowi\u0105zk\u00f3w nadzorczych potrzebuje aplikacji do bezpiecznej i szybkiej komunikacji z Podmiotami nadzorowanymi.\r\nSystem powinien sk\u0142ada\u0107 si\u0119 z trzech g\u0142\u00f3wnych modu\u0142\u00f3w: Modu\u0142u Uwierzytelnienia i Autoryzacji, Modu\u0142u Komunikacyjnego oraz Modu\u0142u Administracji systemem.<\/p>\r\n\t\r\n<div class=\"row justify-content-between\">\r\n<div class=\"col-md-6\">\r\n<div class=\"term_btn\" onclick=\"location.href='https:\/\/hackyeah.pl\/tasks\/RULES_UKNF_Prompt2Code2.pdf';\" style=\"cursor:pointer;\">RULES<\/div>\r\n<\/div>\r\n<div class=\"col-md-6\">\r\n<div class=\"term_btn\" onclick=\"location.href='https:\/\/hackyeah.pl\/tasks\/DETAILS_UKNF_Prompt2Code2.pdf';\" style=\"cursor:pointer;\">DETAILS<\/div>\r\n<\/div>\r\n<\/div>\r\n\r\n<\/div>\r\n\t\r\n<div class=\"col-md-5 zad_cont \">\r\n<h5 class=\"zad_1_img\"><span class=\"\">Krakowskie cyfrowe centrum wolontariatu \u2013 aplikacja<\/span><\/h5>\r\n<div class=\"zad_3_img\"><img decoding=\"async\" class=\"\" src=\"\/wp-content\/uploads\/2024\/09\/krk_w.png\"><\/div>\r\n&nbsp;\r\n<p class=\"task_pize marg-top-70\" style=\"margin-top: 90px !important;\">PULA NAGR\u00d3D<\/p>\r\n<img decoding=\"async\" class=\"tasks-prize-img\" src=\"\/wp-content\/uploads\/2024\/09\/5k.png\">\r\n<p class=\"text-center zad_text col-pink note\">Uwaga: Projekty mo\u017cna sk\u0142ada\u0107 jedynie w j\u0119zyku polskim.<\/p>\r\n<p class=\"text-left zad_text\">Stworzenie aplikacji \u201eKrakowskie Cyfrowe Centrum Wolontariatu\u201d, kt\u00f3ra w nowoczesny spos\u00f3b po\u0142\u0105czy m\u0142odych wolontariuszy z organizacjami, szko\u0142ami, uczelniami i instytucjami dzia\u0142aj\u0105cymi w Krakowie. Platforma umo\u017cliwi publikacj\u0119 projekt\u00f3w, szybkie zg\u0142aszanie si\u0119 do inicjatyw, komunikacj\u0119, dokumentowanie aktywno\u015bci i promocj\u0119 lokalnych dzia\u0142a\u0144, wspieraj\u0105c rozw\u00f3j spo\u0142eczny i obywatelski m\u0142odych mieszka\u0144c\u00f3w miasta.<\/p>\r\n\t\r\n<div class=\"row justify-content-between\">\r\n<div class=\"col-md-6\">\r\n<div class=\"term_btn\" onclick=\"location.href='https:\/\/hackyeah.pl\/tasks\/RULES_Miasto_Krakow_KrakowDigitalVolunteerCenter.pdf';\" style=\"cursor:pointer;\">RULES<\/div>\r\n<\/div>\r\n<div class=\"col-md-6\">\r\n<div class=\"term_btn\" onclick=\"location.href='https:\/\/hackyeah.pl\/tasks\/DETAILS_Miasto_Krakow_KrakowDigitalVolunteerCenter.pdf';\" style=\"cursor:pointer;\">DETAILS<\/div>\r\n<\/div>\r\n<\/div>\r\n\r\n<\/div>\r\n<div class=\"col-md-5 zad_cont \">\r\n<h5 class=\"zad_1_img\"><span class=\"\">Journey Radar<\/span><\/h5>\r\n<div class=\"zad_4_img\"><img decoding=\"async\" class=\"\" src=\"\/wp-content\/uploads\/2024\/08\/malopolska-innowacyjna-logo.png\"><\/div>\r\n&nbsp;\r\n<p class=\"task_pize marg-top-70\" style=\"margin-top: 90px !important;\">PULA NAGR\u00d3D<\/p>\r\n<img decoding=\"async\" class=\"tasks-prize-img\" src=\"\/wp-content\/uploads\/2023\/05\/20000pln.png\">\r\n<p class=\"text-center zad_text col-pink note\">Uwaga: Projekty mo\u017cna sk\u0142ada\u0107 w j\u0119zyku polskim lub angielskim.<\/p>\r\n<p class=\"text-left zad_text\">Op\u00f3\u017anienia i utrudnienia w transporcie publicznym to codzienno\u015b\u0107 milion\u00f3w pasa\u017cer\u00f3w. Informacje o nich cz\u0119sto docieraj\u0105 zbyt p\u00f3\u017ano, s\u0105 niepe\u0142ne lub rozproszone pomi\u0119dzy r\u00f3\u017cne \u017ar\u00f3d\u0142a. Brak sp\u00f3jnej i szybkiej wymiany danych mi\u0119dzy przewo\u017anikami, systemami dyspozytorskimi i pasa\u017cerami powoduje, \u017ce podr\u00f3\u017cni musz\u0105 polega\u0107 na fragmentarycznych komunikatach, a planowanie trasy staje si\u0119 gr\u0105 w zgadywanie. Problem ten jest szczeg\u00f3lnie widoczny tam, gdzie liczy si\u0119 czas reakcji \u2013 w poci\u0105gach, autobusach i komunikacji miejskiej. Wsp\u00f3\u0142czesne technologie pozwalaj\u0105 gromadzi\u0107 informacje w czasie rzeczywistym, jednak wyzwaniem pozostaje ich integracja, weryfikacja i przekazywanie w formie, kt\u00f3ra faktycznie pomaga podr\u00f3\u017cnym. Jak sprawi\u0107, by pasa\u017cerowie byli zawsze o krok przed problemem. W jaki spos\u00f3b da\u0107 wiedz\u0119 pasa\u017cerowi, kt\u00f3ra pozwoli podr\u00f3\u017cnym podejmowa\u0107 lepsze decyzje, szybciej reagowa\u0107 na zmiany i\u2026 mo\u017ce nawet uratowa\u0107 niejedno sp\u00f3\u017anione spotkanie.<\/p>\r\n\t\r\n<div class=\"row justify-content-between\">\r\n<div class=\"col-md-6\">\r\n<div class=\"term_btn\" onclick=\"location.href='https:\/\/hackyeah.pl\/tasks\/RULES_Malopolska_Journey_Radar.pdf';\" style=\"cursor:pointer;\">RULES<\/div>\r\n<\/div>\r\n<div class=\"col-md-6\">\r\n<div class=\"term_btn\" onclick=\"location.href='https:\/\/hackyeah.pl\/tasks\/DETAILS_Malopolska_Journey_Radar.pdf';\" style=\"cursor:pointer;\">DETAILS<\/div>\r\n<\/div>\r\n<\/div>\r\n\r\n<\/div>\r\n<div class=\"col-md-5 zad_cont \">\r\n<h5 class=\"zad_1_img\"><span class=\"\">Symulator emerytalny<\/span><\/h5>\r\n<div class=\"zad_4_img\"><img decoding=\"async\" class=\"\" src=\"\/wp-content\/uploads\/2025\/09\/ZUS_logo.png\"><\/div>\r\n&nbsp;\r\n<p class=\"task_pize marg-top-70\" style=\"margin-top: 90px !important;\">PULA NAGR\u00d3D<\/p>\r\n<img decoding=\"async\" class=\"tasks-prize-img\" src=\"\/wp-content\/uploads\/2025\/09\/25k.png\">\r\n<p class=\"text-center zad_text col-pink note\">Uwaga: Projekty mo\u017cna sk\u0142ada\u0107 w j\u0119zyku polskim lub angielskim.<\/p>\r\n<p class=\"text-left zad_text\">Przysz\u0142o\u015b\u0107 finansowa to jedno z najwi\u0119kszych wyzwa\u0144 wsp\u00f3\u0142czesnego spo\u0142ecze\u0144stwa. Wiele os\u00f3b nie zastanawia si\u0119, jak ich decyzje zawodowe i \u017cyciowe wp\u0142yn\u0105 na komfort \u017cycia po zako\u0144czeniu aktywno\u015bci zawodowej. Problem braku \u015bwiadomo\u015bci dotycz\u0105cej wysoko\u015bci przysz\u0142ych \u015bwiadcze\u0144 emerytalnych sprawia, \u017ce m\u0142odsze pokolenia cz\u0119sto nie potrafi\u0105 oceni\u0107 swojej sytuacji w d\u0142ugiej perspektywie. Zmiany demograficzne, d\u0142ugo\u015b\u0107 \u017cycia, inflacja czy okresy przerw w pracy to tylko niekt\u00f3re z czynnik\u00f3w, kt\u00f3re maj\u0105 ogromny wp\u0142yw na ostateczne zabezpieczenie finansowe. Jak sprawi\u0107, aby wizja emerytury by\u0142a bardziej realna, zrozumia\u0142a i dost\u0119pna dla ka\u017cdego? Jak pom\u00f3c obywatelom wyobrazi\u0107 sobie, w jaki spos\u00f3b ich obecne wybory kszta\u0142tuj\u0105 przysz\u0142o\u015b\u0107? W ramach wyzwania uczestnicy b\u0119d\u0105 mieli okazj\u0119 zmierzy\u0107 si\u0119 z tym problemem, podejmuj\u0105c pr\u00f3b\u0119 jego rozwi\u0105zania w nowoczesny i anga\u017cuj\u0105cy spos\u00f3b.<\/p>\r\n\t\r\n<div class=\"row justify-content-between\">\r\n<div class=\"col-md-6\">\r\n<div class=\"term_btn\" onclick=\"location.href='https:\/\/hackyeah.pl\/tasks\/RULES_ZUS_SymulatorEmerytalny.pdf';\" style=\"cursor:pointer;\">RULES<\/div>\r\n<\/div>\r\n<div class=\"col-md-6\">\r\n<div class=\"term_btn\" onclick=\"location.href='https:\/\/hackyeah.pl\/tasks\/DETAILS_ZUS_SymulatorEmerytalny.pdf';\" style=\"cursor:pointer;\">DETAILS<\/div>\r\n<\/div>\r\n<\/div>\r\n\r\n\r\n<\/div>\r\n<div class=\"col-md-5 zad_cont \">\r\n<h5 class=\"zad_1_img\"><span class=\"\">Bieg przez \u017cycie<\/span><\/h5>\r\n<div class=\"zad_4_img\"><img decoding=\"async\" class=\"\" src=\"\/wp-content\/uploads\/2025\/09\/ZUS_logo.png\"><\/div>\r\n&nbsp;\r\n<p class=\"task_pize marg-top-70\" style=\"margin-top: 90px !important;\">PULA NAGR\u00d3D<\/p>\r\n<img decoding=\"async\" class=\"tasks-prize-img\" src=\"\/wp-content\/uploads\/2025\/09\/25k.png\">\r\n<p class=\"text-center zad_text col-pink note\">Uwaga: Projekty mo\u017cna sk\u0142ada\u0107 w j\u0119zyku polskim lub angielskim.<\/p>\r\n<p class=\"text-left zad_text\">\u017bycie to nieustanny ci\u0105g decyzji, kt\u00f3re wp\u0142ywaj\u0105 na przysz\u0142o\u015b\u0107 \u2013 od wyboru \u015bcie\u017cki edukacji i kariery, przez styl \u017cycia i relacje, a\u017c po bezpiecze\u0144stwo finansowe na staro\u015b\u0107. W codziennym biegu rzadko zastanawiamy si\u0119 nad d\u0142ugofalowymi skutkami naszych wybor\u00f3w. Jak praca ponad si\u0142y, brak oszcz\u0119dno\u015bci czy zaniedbywanie zdrowia odbijaj\u0105 si\u0119 na jako\u015bci \u017cycia w p\u00f3\u017aniejszych latach? A z drugiej strony \u2013 jak inwestycja w edukacj\u0119, rozwijanie pasji czy r\u00f3wnowaga mi\u0119dzy prac\u0105 a rodzin\u0105 mo\u017ce prze\u0142o\u017cy\u0107 si\u0119 na wi\u0119ksz\u0105 satysfakcj\u0119 i stabilno\u015b\u0107 w przysz\u0142o\u015bci? Gra symulacyjna \u201eBieg przez \u017cycie\u201d stawia przed uczestnikami pytanie: co naprawd\u0119 oznacza dobrze zaplanowane \u017cycie? To nie tylko finanse, ale te\u017c zdrowie, relacje i poczucie spe\u0142nienia. W ramach wyzwania gracze b\u0119d\u0105 mieli okazj\u0119 zmierzy\u0107 si\u0119 z t\u0105 z\u0142o\u017cono\u015bci\u0105 i poszuka\u0107 sposob\u00f3w, jak w przyst\u0119pnej i anga\u017cuj\u0105cej formie pokaza\u0107 konsekwencje wybor\u00f3w, kt\u00f3re wszyscy podejmujemy na co dzie\u0144.<\/p>\r\n\t\r\n<div class=\"row justify-content-between\">\r\n<div class=\"col-md-6\">\r\n<div class=\"term_btn\" onclick=\"location.href='https:\/\/hackyeah.pl\/tasks\/RULES_ZUS_BiegPrzezZycie.pdf';\" style=\"cursor:pointer;\">RULES<\/div>\r\n<\/div>\r\n<div class=\"col-md-6\">\r\n<div class=\"term_btn\" onclick=\"location.href='https:\/\/hackyeah.pl\/tasks\/DETAILS_ZUS_BiegPrzezZycie.pdf';\" style=\"cursor:pointer;\">DETAILS<\/div>\r\n<\/div>\r\n<\/div>\r\n\t\r\n<\/div>\r\n\t\r\n<div class=\"col-md-5 zad_cont \">\r\n<h5 class=\"zad_1_img\"><span class=\"\">ProcessBot - End Boring Work in Companies<\/span><\/h5>\r\n<div class=\"zad_3_img\"><img decoding=\"async\" class=\"\" src=\"\/wp-content\/uploads\/2025\/09\/uczmnie_logo.png\"><\/div>\r\n&nbsp;\r\n<p class=\"task_pize marg-top-70\" style=\"margin-top: 90px !important;\">PULA NAGR\u00d3D<\/p>\r\n<img decoding=\"async\" class=\"tasks-prize-img\" src=\"\/wp-content\/uploads\/2024\/09\/5k.png\">\r\n<p class=\"text-left zad_text col-pink note\">Uwaga: Projekty mo\u017cna sk\u0142ada\u0107 w j\u0119zyku polskim lub angielskim.<\/p>\r\n<p class=\"text-left zad_text col-pink note\">Uwaga: 5 000 PLN do wydania na kursy na stronie.<\/p>\r\n<p class=\"text-left zad_text\">Zrewolucjonizuj nasz spos\u00f3b pracy! Pracownicy marnuj\u0105 40% swojego dnia na powtarzalne zadania. E-maile, raporty, faktury, harmonogramy \u2013 wszystko to mo\u017cna zautomatyzowa\u0107! Wyzwanie: Stworzenie inteligentnego asystenta, kt\u00f3ry wykrywa powtarzaj\u0105ce si\u0119 wzorce w pracy u\u017cytkownik\u00f3w i automatycznie sugeruje automatyzacje. To nie jest kolejne narz\u0119dzie dla programist\u00f3w \u2013 potrzebujesz rozwi\u0105zania, z kt\u00f3rym poradzi sobie ka\u017cdy pracownik biurowy.\r\n<br><br>\r\nTwoja misja:<\/p>\r\n<ul class=\"text-left\">\r\n<li>Stworzenie sztucznej inteligencji, kt\u00f3ra obserwuje i analizuje codzienne zadania u\u017cytkownik\u00f3w<\/li>\r\n<li>Zaprojektowanie kreatora automatyzacji dost\u0119pnego dla ka\u017cdego (najlepiej bez kodu)<\/li>\r\n<li>Zintegrowanie popularnych narz\u0119dzi biznesowych (e-mail, CRM, dokumenty)<\/li>\r\n<li>Stworzenie pulpitu nawigacyjnego pokazuj\u0105cego oszcz\u0119dno\u015b\u0107 czasu i pieni\u0119dzy<\/li>\r\n<\/ul>\t\r\n<p class=\"text-left zad_text\">Efekt: Jedno rozwi\u0105zanie mo\u017ce zaoszcz\u0119dzi\u0107 firmie ponad 100 godzin miesi\u0119cznie!<\/p>\r\n\t\r\n<div class=\"row justify-content-between\">\r\n<div class=\"col-md-6\">\r\n<div class=\"term_btn\" onclick=\"location.href='https:\/\/hackyeah.pl\/tasks\/RULES_uczmnie_ProcessBot.pdf';\" style=\"cursor:pointer;\">RULES<\/div>\r\n<\/div>\r\n<div class=\"col-md-6\">\r\n<div class=\"term_btn\" onclick=\"location.href='https:\/\/hackyeah.pl\/tasks\/DETAILS_uczmnie_ProcessBot.pdf';\" style=\"cursor:pointer;\">DETAILS<\/div>\r\n<\/div>\r\n<\/div>\r\n\t\r\n<\/div>\r\n\t\r\n<div class=\"row\">\r\n<div class=\"col-md-12\">\r\n<h5 class=\"h5-task white\">CAPTURE <span class=\"meganta-ticket\">THE FLAG<\/span><\/h5>\r\n<\/div>\r\n<\/div>\r\n<div class=\"row justify-content-between zad_all \" style=\"margin-top: 90px;\">\r\n<div class=\"col-md-5 zad_cont \">\r\n<h5 class=\"zad_1_img\"><span class=\"\">CTF<\/span><\/h5>\r\n&nbsp;\r\n<p class=\"task_pize marg-top-70\" style=\"margin-top: 0px !important;\">PULA NAGR\u00d3D<\/p>\r\n<img decoding=\"async\" class=\"tasks-prize-img\" src=\"\/wp-content\/uploads\/2025\/09\/6k.png\">\r\n<p class=\"text-left zad_text col-pink note\">Uwaga: Projekty mo\u017cna sk\u0142ada\u0107 w j\u0119zyku polskim lub angielskim.<\/p>\r\n<p class=\"text-left zad_text \">Capture The Flag (CTF) events are cybersecurity competitions where you will be tasked with solving puzzles and hacking! Think of it as a playground for hackers - you will have access to a set of challenges spanning categories like: reverse engineering, cryptography, forensics, web application security \u2013 and others. You will be searching for what we call \u2018flags\u2019 - special pieces of text that indicate the solutions.\r\n<br><br>\r\nThe CTF is designed to accommodate both beginner and advanced teams of up to 6 people. It will start with the start of coding at 12:00 on Saturday, but finish later than the coding tasks at 17:00 on Sunday.<\/p>\r\n\t\r\n<div class=\"row justify-content-between\">\r\n<div class=\"col-md-12\">\r\n<div class=\"term_btn\" onclick=\"location.href='https:\/\/2084.hacknite.app\/';\" style=\"cursor:pointer;\">TAKE PART IN CTF<\/div>\r\n<\/div>\r\n<\/div>\r\n\r\n<\/div>\r\n<\/div>\r\n<\/div>\r\n<\/div>\r\n<\/div>\r\n<\/div>\r\n<\/div>\r\n<\/div>\r\n<\/div>","protected":false},"excerpt":{"rendered":"ZADANIA I NAGRODY ZADANIA I NAGRODY ZADANIA OTWARTE BIOHACKING ZADANIA OTWARTE PULA NAGR\u00d3D Uwaga: Projekty mo\u017cna sk\u0142ada\u0107 w j\u0119zyku polskim lub angielskim. Odkryj pe\u0142en potencja\u0142 ludzkiego cia\u0142a! To wyzwanie \u0142\u0105czy zdrowie, nauk\u0119 i technologi\u0119, by podnie\u015b\u0107 ludzk\u0105 wydajno\u015b\u0107 na nowy poziom. Stw\u00f3rz aplikacj\u0119, urz\u0105dzenie lub system, kt\u00f3ry poprawi funkcje poznawcze, jako\u015b\u0107 snu lub kondycj\u0119 fizyczn\u0105.&hellip; <br> <a class=\"read-more\" href=\"https:\/\/hackyeah.pl\/pl\/zadania-nagrody\/\">Read more<\/a>","protected":false},"author":6,"featured_media":0,"parent":0,"menu_order":0,"comment_status":"closed","ping_status":"closed","template":"pro\/page-templates\/full-width-homepage-header.php","meta":{"ngg_post_thumbnail":0,"footnotes":""},"class_list":["post-2294","page","type-page","status-publish","hentry"],"aioseo_notices":[],"_links":{"self":[{"href":"https:\/\/hackyeah.pl\/pl\/wp-json\/wp\/v2\/pages\/2294","targetHints":{"allow":["GET"]}}],"collection":[{"href":"https:\/\/hackyeah.pl\/pl\/wp-json\/wp\/v2\/pages"}],"about":[{"href":"https:\/\/hackyeah.pl\/pl\/wp-json\/wp\/v2\/types\/page"}],"author":[{"embeddable":true,"href":"https:\/\/hackyeah.pl\/pl\/wp-json\/wp\/v2\/users\/6"}],"replies":[{"embeddable":true,"href":"https:\/\/hackyeah.pl\/pl\/wp-json\/wp\/v2\/comments?post=2294"}],"version-history":[{"count":87,"href":"https:\/\/hackyeah.pl\/pl\/wp-json\/wp\/v2\/pages\/2294\/revisions"}],"predecessor-version":[{"id":3166,"href":"https:\/\/hackyeah.pl\/pl\/wp-json\/wp\/v2\/pages\/2294\/revisions\/3166"}],"wp:attachment":[{"href":"https:\/\/hackyeah.pl\/pl\/wp-json\/wp\/v2\/media?parent=2294"}],"curies":[{"name":"wp","href":"https:\/\/api.w.org\/{rel}","templated":true}]}}