{"id":2671,"date":"2024-05-27T14:39:06","date_gmt":"2024-05-27T12:39:06","guid":{"rendered":"https:\/\/hackyeah.pl\/justctf\/"},"modified":"2024-09-24T09:30:12","modified_gmt":"2024-09-24T07:30:12","slug":"justctf","status":"publish","type":"page","link":"https:\/\/hackyeah.pl\/pl\/justctf\/","title":{"rendered":"justCTF"},"content":{"rendered":"<div data-label=\"About\" data-id=\"about--1\" data-export-id=\"about-8\" data-category=\"about\" class=\"about-8 content-section content-section-spacing\" id=\"about\" style=\"\" style=\"position: relative\">\n<div  class=\"big_text animated zoomIn duration3 eds-on-scroll \">justCTF<\/div>\n<div  class=\"gridContainer\">\n<div  class=\"fluid\">\n<div  class=\"row middle-sm text-center\">\n<div  class=\"col-md-12\">\n<div class=\"wrapper\">\n<h2 class=\"glitch-just\">justCTF<\/h2>\n<\/div>\n<div class=\"col-md-12 row\">\n<h3 class=\"text-left\">We\u017a udzia\u0142 w justCTF 2024!!<\/h3>\n<p class=\"text-left page_text\">\nPodczas tegorocznej edycji HackYeah b\u0119dziemy go\u015bci\u0107 <strong>jedn\u0105 z najlepszych dru\u017cyn CTF na \u015bwiecie &#8211; justCatTheFish<\/strong>, kt\u00f3ra z dum\u0105 zorganizuje dwa ekscytuj\u0105ce konkursy CTF w trybie jeopardy: <strong>justCTF 2024 Teaser<\/strong> oraz <strong>justCTF 2024 Finals<\/strong>.<\/p>\n<p><strong class=\"p-blue\">justCTF 2024 Teaser:<\/strong><br \/>\nKonkurs ju\u017c za nami! Dzi\u0119kujemy wszystkim uczestnikom. Sprawd\u017a <a href=\"https:\/\/2024.justctf.team\/scoreboard\" target=\"_blank\" rel=\"noopener\">wyniki<\/a> i zobacz, jakie miejsce zaj\u0105\u0142 Tw\u00f3j zesp\u00f3\u0142. <\/p>\n<p><strong class=\"p-blue\">justCTF 2024 Finals:<\/strong><br \/>\n* Data: 28 wrze\u015bnia 2024, 12:00.<br \/>\n<strong>* Forma: Otwarte fina\u0142y, Tauron Arena Krakow.<\/strong><br \/>\n* Czas trwania: 24 godziny.<br \/>\n* Dru\u017cyny: Maksymalnie 4 osoby.<br \/>\n<strong>* Pula nagr\u00f3d: <span style=\"color: #e80081;\">33 500 PLN<\/span><\/strong><br \/>* Dodatkowy ranking dla dru\u017cyn akademickich.<br \/>\n* Rejestracja: <a href=\"https:\/\/eventory.cc\/event\/hackyeah-2024\/tickets\" target=\"_blank\" rel=\"noopener\">TUTAJ<\/a> &#8211; wybierz bilet \u201cPARTICIPANT + justCTF Finals\u201d <\/p>\n<p>\t<span style=\"color: #e80081;\">Uwaga: konkurs justCTF 2024 Finals jest otwarty, zatem <strong>nie wymaga zakwalifikowania si\u0119 w teaserze<\/strong>, \u017ceby wzi\u0105\u0107 w nim udzia\u0142.<\/span><\/p>\n<p><strong>Do\u0142\u0105cz do nas i zmierz si\u0119 z najlepszymi podczas najwi\u0119kszego hackathonu w Europie!<\/strong><br \/>\n\n<\/p>\n<div class=\"col-md-12 more-btn-tasks\" style=\"text-align: left !important;\">\n\t<a href=\"https:\/\/2024.justctf.team\/\" target=\"_blank\" class=\"move_btn\" rel=\"noopener\"><img decoding=\"async\" src=\"\/wp-content\/uploads\/2024\/06\/ctf-btn.png\" alt=\"\" border=\"0\"><\/a> <a href=\"https:\/\/eventory.cc\/event\/hackyeah-2024\/tickets\" target=\"_blank\" class=\"move_btn\" rel=\"noopener\"><img decoding=\"async\" src=\"\/wp-content\/uploads\/2024\/06\/register-ctf.png\" alt=\"\" border=\"0\"><\/a>\n<\/div>\n<div class=\"col-md-12 more-btn-tasks\" style=\"margin-top: 40px\">\n<p class=\"text-left page_text\"><strong class=\"textTitle\">FAQ<\/strong><\/p>\n<style>#sp-ea-2401 .spcollapsing { height: 0; overflow: hidden; transition-property: height;transition-duration: 300ms;}#sp-ea-2401.sp-easy-accordion>.sp-ea-single {margin-bottom: 10px; border: 1px solid #e2e2e2; }#sp-ea-2401.sp-easy-accordion>.sp-ea-single>.ea-header a {color: #444;}#sp-ea-2401.sp-easy-accordion>.sp-ea-single>.sp-collapse>.ea-body {background: #fff; color: #444;}#sp-ea-2401.sp-easy-accordion>.sp-ea-single {background: #eee;}#sp-ea-2401.sp-easy-accordion>.sp-ea-single>.ea-header a .ea-expand-icon { float: left; color: #444;font-size: 16px;}li a {color: #e6007e }<\/style><div id=\"sp_easy_accordion-1711361088\"><div id=\"sp-ea-2401\" class=\"sp-ea-one sp-easy-accordion\" data-ea-active=\"ea-click\" data-ea-mode=\"vertical\" data-preloader=\"\" data-scroll-active-item=\"\" data-offset-to-scroll=\"0\"><div class=\"ea-card ea-expand sp-ea-single\"><h3 class=\"ea-header\"><a class=\"collapsed\" id=\"ea-header-24010\" role=\"button\" data-sptoggle=\"spcollapse\" data-sptarget=\"#collapse24010\" aria-controls=\"collapse24010\" href=\"#\" aria-expanded=\"true\" tabindex=\"0\"><i aria-hidden=\"true\" role=\"presentation\" class=\"ea-expand-icon eap-icon-ea-expand-minus\"><\/i> 1. CO TO JEST CTF?<\/a><\/h3><div class=\"sp-collapse spcollapse collapsed show\" id=\"collapse24010\" data-parent=\"#sp-ea-2401\" role=\"region\" aria-labelledby=\"ea-header-24010\"> <div class=\"ea-body\"><p><span style=\"font-weight: 400\">CTF, czyli Capture The Flag, to forma zawod\u00f3w zwi\u0105zanych z cyberbezpiecze\u0144stwem. W ramach tych zawod\u00f3w uczestnicy (cz\u0119sto w zespo\u0142ach) musz\u0105 rozwi\u0105za\u0107 r\u00f3\u017cne zadania w celu zdobycia ukrytych \"flag\", czyli ukrytych tekst\u00f3w, kt\u00f3re wysy\u0142aj\u0105c do platformy konkursu dru\u017cyna zdobywa punkty, przybli\u017caj\u0105c si\u0119 do zwyci\u0119stwa.<\/span><\/p><\/div><\/div><\/div><div class=\"ea-card sp-ea-single\"><h3 class=\"ea-header\"><a class=\"collapsed\" id=\"ea-header-24011\" role=\"button\" data-sptoggle=\"spcollapse\" data-sptarget=\"#collapse24011\" aria-controls=\"collapse24011\" href=\"#\" aria-expanded=\"false\" tabindex=\"0\"><i aria-hidden=\"true\" role=\"presentation\" class=\"ea-expand-icon eap-icon-ea-expand-plus\"><\/i> 2. KTO ORGANIZUJE justCTF?<\/a><\/h3><div class=\"sp-collapse spcollapse \" id=\"collapse24011\" data-parent=\"#sp-ea-2401\" role=\"region\" aria-labelledby=\"ea-header-24011\"> <div class=\"ea-body\"><p><span style=\"font-weight: 400\">Organizatorem <\/span><b>justCTF 2024 Teaser<\/b><span style=\"font-weight: 400\"> oraz <\/span><b>justCTF 2024 Finals<\/b><span style=\"font-weight: 400\"> jest <\/span><a href=\"https:\/\/justcatthefish.team\/\"><span style=\"font-weight: 400\">dru\u017cyna justCatTheFish<\/span><\/a><span style=\"font-weight: 400\">.&nbsp;<\/span><\/p><p><span style=\"font-weight: 400\">justCatTheFish to polska dru\u017cyna zajmuj\u0105ca si\u0119 zawodami cybersecurity Capture The Flag (CTF), kt\u00f3ra powsta\u0142a w 2017 roku. W 2023 roku zaj\u0119li oni 4-te miejsce w globalnym rankingu CTFtime. Cz\u0142onkowie tej dru\u017cyny bior\u0105 udzia\u0142 w zawodach CTF, publikuj\u0105 opisy rozwi\u0105za\u0144 zada\u0144 (write-upy), organizuj\u0105 w\u0142asne konkursy, bior\u0105 udzia\u0142 w programach bug bounty (<\/span><a href=\"https:\/\/hackerone.com\/drbrix?type=user\"><span style=\"font-weight: 400\">DrBrix<\/span><\/a><span style=\"font-weight: 400\">, <\/span><a href=\"https:\/\/hackerone.com\/haqpl?type=user\"><span style=\"font-weight: 400\">haqpl<\/span><\/a><span style=\"font-weight: 400\">, <\/span><a href=\"https:\/\/hackerone.com\/gregxsunday?type=user\"><span style=\"font-weight: 400\">gregxsunday<\/span><\/a><span style=\"font-weight: 400\">) oraz reprezentuj\u0105 Polsk\u0119 w zawodach <\/span><a href=\"https:\/\/www.wojsko-polskie.pl\/articles\/tym-zyjemy-v\/2024-04-243-locked-shields-2024\"><span style=\"font-weight: 400\">Locked Shields<\/span><\/a><span style=\"font-weight: 400\"> i innych konkursach.<\/span><\/p><p>&nbsp;<\/p><p><span style=\"font-weight: 400\">Wi\u0119cej informacji:<\/span><\/p><ul><li style=\"font-weight: 400\"><a href=\"https:\/\/ctftime.org\/team\/33893\/\"><span style=\"font-weight: 400\">CTFTime profile<\/span><\/a><\/li><li style=\"font-weight: 400\"><span style=\"font-weight: 400\">Twitter: <\/span><a href=\"https:\/\/twitter.com\/justCatTheFish\/\"><span style=\"font-weight: 400\">@justCatTheFish<\/span><\/a><\/li><li style=\"font-weight: 400\"><a href=\"https:\/\/github.com\/justcatthefish\/ctf-writeups\"><span style=\"font-weight: 400\">write-upy<\/span><\/a><\/li><li style=\"font-weight: 400\"><span style=\"font-weight: 400\">E-mail: justcatthefish@gmail.com<\/span><\/li><\/ul><\/div><\/div><\/div><div class=\"ea-card sp-ea-single\"><h3 class=\"ea-header\"><a class=\"collapsed\" id=\"ea-header-24012\" role=\"button\" data-sptoggle=\"spcollapse\" data-sptarget=\"#collapse24012\" aria-controls=\"collapse24012\" href=\"#\" aria-expanded=\"false\" tabindex=\"0\"><i aria-hidden=\"true\" role=\"presentation\" class=\"ea-expand-icon eap-icon-ea-expand-plus\"><\/i> 3. KIEDY I GDZIE?<\/a><\/h3><div class=\"sp-collapse spcollapse \" id=\"collapse24012\" data-parent=\"#sp-ea-2401\" role=\"region\" aria-labelledby=\"ea-header-24012\"> <div class=\"ea-body\"><p><b>justCTF 2024 Teaser:<\/b><span style=\"font-weight: 400\"><br \/><\/span><span style=\"font-weight: 400\">* Data: 15 czerwca 2024, 10:00<\/span><span style=\"font-weight: 400\"><br \/><\/span><span style=\"font-weight: 400\">* Forma: Online<\/span><span style=\"font-weight: 400\"><br \/><\/span><span style=\"font-weight: 400\">* Czas trwania: 24 godziny<\/span><span style=\"font-weight: 400\"><br \/><\/span><span style=\"font-weight: 400\">* Dru\u017cyny: Bez limitu os\u00f3b<\/span><span style=\"font-weight: 400\"><br \/><\/span><span style=\"font-weight: 400\">* Nagrody: Zwrot koszt\u00f3w podr\u00f3\u017cy na fina\u0142y (oraz inne niespodzianki!)<\/span><\/p><p><b>justCTF 2024 Finals:<\/b><span style=\"font-weight: 400\"><br \/><\/span><span style=\"font-weight: 400\">* Data: 28 wrze\u015bnia 2024, 12:00<\/span><span style=\"font-weight: 400\"><br \/><\/span><span style=\"font-weight: 400\">* Forma: Otwarte fina\u0142y, Tauron Arena Krakow<\/span><span style=\"font-weight: 400\"><br \/><\/span><span style=\"font-weight: 400\">* Czas trwania: 24 godziny<\/span><span style=\"font-weight: 400\"><br \/><\/span><span style=\"font-weight: 400\">* Dru\u017cyny: Maksymalnie 4 osoby<\/span><span style=\"font-weight: 400\"><br \/><\/span><span style=\"font-weight: 400\">* Nagrody: Atrakcyjne nagrody pieni\u0119\u017cne<\/span><span style=\"font-weight: 400\"><br \/><\/span><span style=\"font-weight: 400\">* Dodatkowy ranking dla dru\u017cyn akademickich<\/span><\/p><\/div><\/div><\/div><div class=\"ea-card sp-ea-single\"><h3 class=\"ea-header\"><a class=\"collapsed\" id=\"ea-header-24013\" role=\"button\" data-sptoggle=\"spcollapse\" data-sptarget=\"#collapse24013\" aria-controls=\"collapse24013\" href=\"#\" aria-expanded=\"false\" tabindex=\"0\"><i aria-hidden=\"true\" role=\"presentation\" class=\"ea-expand-icon eap-icon-ea-expand-plus\"><\/i> 4. CZY MUSZ\u0118 BY\u0106 UCZESTNIKIEM HACKYEAH, \u017bEBY WZI\u0104\u0106 UDZIA\u0141 W justCTF?<\/a><\/h3><div class=\"sp-collapse spcollapse \" id=\"collapse24013\" data-parent=\"#sp-ea-2401\" role=\"region\" aria-labelledby=\"ea-header-24013\"> <div class=\"ea-body\"><p><span style=\"font-weight: 400\">Nie, <\/span><b>justCTF 2024 Teaser<\/b><span style=\"font-weight: 400\"> odbywa si\u0119 niezale\u017cnie od HackYeah.<\/span><\/p><p><span style=\"font-weight: 400\">Je\u015bli zakwalifikujesz si\u0119 do <\/span><b>justCTF 2024 Finals<\/b><span style=\"font-weight: 400\">, automatycznie dostaniesz wej\u015bci\u00f3wk\u0119 na HackYeah poniewa\u017c fina\u0142 odb\u0119dzie si\u0119 w ramach HackYeah 28-29 wrze\u015bnia 2024 na Tauron Arena Krak\u00f3w.<\/span><\/p><p><span style=\"font-weight: 400\">Konkurs <\/span><b>justCTF 2024 Finals<\/b><span style=\"font-weight: 400\"> jest otwarty, zatem nie wymaga zakwalifikowania si\u0119 w teaserze, \u017ceby wzi\u0105\u0107 w nim udzia\u0142. B\u0119dziecie natomiast potrzebowa\u0107 wej\u015bci\u00f3wki na HackYeah.<\/span><\/p><p>&nbsp;<\/p><p><b>justCTF 2024 Finals <\/b>odb\u0119dzie si\u0119 w ramach HackYeah w dniach 28-29 wrze\u015bnia 2024 roku w Tauron Arena Krak\u00f3w.<br \/>Aby wzi\u0105\u0107 w nim udzia\u0142, nale\u017cy posiada\u0107 bilet na HackYeah. Podczas <a href=\"https:\/\/eventory.cc\/event\/hackyeah-2024\/tickets\">rejestracji<\/a> nale\u017cy wybra\u0107 bilet \u201e<strong>PARTICIPANT-justCTF Finals<\/strong>\u201d.<\/p><p>Wi\u0119cej informacji: https:\/\/2024.justctf.team\/<\/p><\/div><\/div><\/div><\/div><\/div><\/div>\n<\/div>\n<\/div>\n<\/div>\n<\/div>\n<\/div><\/div>\n","protected":false},"excerpt":{"rendered":"<p>justCTF justCTF We\u017a udzia\u0142 w justCTF 2024!! Podczas tegorocznej edycji HackYeah b\u0119dziemy go\u015bci\u0107 jedn\u0105 z najlepszych dru\u017cyn CTF na \u015bwiecie &#8211; justCatTheFish, kt\u00f3ra z dum\u0105 zorganizuje dwa ekscytuj\u0105ce konkursy CTF w trybie jeopardy: justCTF 2024 Teaser oraz justCTF 2024 Finals. justCTF 2024 Teaser: Konkurs ju\u017c za nami! Dzi\u0119kujemy wszystkim uczestnikom. Sprawd\u017a wyniki i zobacz, jakie&hellip; <br \/> <a class=\"read-more\" href=\"https:\/\/hackyeah.pl\/pl\/justctf\/\">Read more<\/a><\/p>\n","protected":false},"author":1,"featured_media":0,"parent":0,"menu_order":0,"comment_status":"closed","ping_status":"closed","template":"pro\/page-templates\/full-width-homepage-header.php","meta":{"ngg_post_thumbnail":0,"footnotes":""},"class_list":["post-2671","page","type-page","status-publish","hentry"],"aioseo_notices":[],"_links":{"self":[{"href":"https:\/\/hackyeah.pl\/pl\/wp-json\/wp\/v2\/pages\/2671","targetHints":{"allow":["GET"]}}],"collection":[{"href":"https:\/\/hackyeah.pl\/pl\/wp-json\/wp\/v2\/pages"}],"about":[{"href":"https:\/\/hackyeah.pl\/pl\/wp-json\/wp\/v2\/types\/page"}],"author":[{"embeddable":true,"href":"https:\/\/hackyeah.pl\/pl\/wp-json\/wp\/v2\/users\/1"}],"replies":[{"embeddable":true,"href":"https:\/\/hackyeah.pl\/pl\/wp-json\/wp\/v2\/comments?post=2671"}],"version-history":[{"count":12,"href":"https:\/\/hackyeah.pl\/pl\/wp-json\/wp\/v2\/pages\/2671\/revisions"}],"predecessor-version":[{"id":3193,"href":"https:\/\/hackyeah.pl\/pl\/wp-json\/wp\/v2\/pages\/2671\/revisions\/3193"}],"wp:attachment":[{"href":"https:\/\/hackyeah.pl\/pl\/wp-json\/wp\/v2\/media?parent=2671"}],"curies":[{"name":"wp","href":"https:\/\/api.w.org\/{rel}","templated":true}]}}