{"id":2911,"date":"2024-08-19T16:57:36","date_gmt":"2024-08-19T14:57:36","guid":{"rendered":"https:\/\/hackyeah.pl\/?page_id=2911"},"modified":"2025-07-22T16:41:16","modified_gmt":"2025-07-22T14:41:16","slug":"podejmij-wyzwanie","status":"publish","type":"page","link":"https:\/\/hackyeah.pl\/pl\/podejmij-wyzwanie\/","title":{"rendered":"podejmij wyzwanie"},"content":{"rendered":"<div data-label=\"About\" data-id=\"about--1\" data-export-id=\"about-8\" data-category=\"about\" class=\"about-8 content-section content-section-spacing\" id=\"about\" style=\"\" style=\"position: relative\">\n<div  class=\"big_text animated zoomIn duration3 eds-on-scroll \">PODEJMIJ WYZWANIE<\/div>\n<div  class=\"gridContainer\">\n<div  class=\"fluid\">\n<div  class=\"row middle-sm text-center\">\n<div  class=\"col-md-12\">\n<div class=\"wrapper\">\n<h2 class=\"podejmij\">PODEJMIJ WYZWANIE<\/h2>\n<\/div>\n<div class=\"col-md-12 row\">\n<h3 class=\"text-left\">Presti\u017c, wysokie nagrody, zabawa, nauka i mn\u00f3stwo darmowej pizzy \u2013 wszystko to czeka na Ciebie podczas HackYeah 2024, najwi\u0119kszego stacjonarnego hackathonu w Europie!<\/h3>\n<p class=\"page_text\" style=\"text-align: center !important; font-size: 22px;\">\nJeste\u015b z reklamy? \u0141ap kod na darmowy bilet: <span style=\"color: #00bcc1; font-weight: bold\">FREEHACK2024<\/span>\n<\/p>\n<div class=\"col-md-12 more-btn-tasks\" style=\"text-align: center !important;\">\n\t<a href=\"https:\/\/eventory.cc\/event\/hackyeah-2024\/tickets\" target=\"_blank\" class=\"move_btn\" rel=\"noopener\"><img decoding=\"async\" src=\"\/wp-content\/uploads\/2024\/08\/za-darmo-rejestracja-new.png\" alt=\"\" border=\"0\"><\/a>\n<\/div>\n<\/div>\n<\/div>\n<\/div>\n<\/div>\n<\/div>\n<\/div>\n<div data-label=\"About\" data-id=\"about--1\" data-export-id=\"about-8\" data-category=\"about\" class=\"about-8 content-section content-section-spacing\" id=\"\" style=\"\" style=\"position: relative\">\n<div  class=\"big_text animated zoomIn duration3 eds-on-scroll \">Czym jest HackYeah? <\/div>\n<div  class=\"gridContainer\">\n<div  class=\"fluid\">\n<div  class=\"row middle-sm text-center\">\n<div  class=\"col-md-12\">\n<div class=\"wrapper\">\n<h2 class=\"czymjest\">Czym jest HackYeah? <\/h2>\n<\/div>\n<div class=\"col-md-12 row\">\n<p class=\"text-left page_text\">\nHackYeah to wyj\u0105tkowy hackathon, kt\u00f3ry gromadzi i \u0142\u0105czy pasjonat\u00f3w bran\u017cy IT, skupiaj\u0105cych si\u0119 na kreowaniu innowacyjnych rozwi\u0105za\u0144 dla bie\u017c\u0105cych wyzwa\u0144 spo\u0142ecznych.\n<\/p>\n<div class=\"row justify-content-between zad_all \">\n<div class=\"col-md-5 zad_cont\">\n<div class=\"evtr-widget\">\n<div class=\"evtr-block\">\n<div class=\"evtr-trkitem evtr-trkitem-break\">\n<h3>MO\u017bLIWO\u015aCI ROZWOJU<\/h3>\n<\/div>\n<\/div>\n<\/div>\n<\/div>\n<div class=\"col-md-5 zad_cont_2\">\n<div class=\"evtr-widget\">\n<div class=\"evtr-block\">\n<div class=\"evtr-trkitem evtr-trkitem-break\">\n<h3>PRZYJAZNA ATMOSFERA<\/h3>\n<\/div>\n<\/div>\n<\/div>\n<\/div>\n<div class=\"col-md-5 zad_cont_2\">\n<div class=\"evtr-widget\">\n<div class=\"evtr-block\">\n<div class=\"evtr-trkitem evtr-trkitem-break\">\n<h3>DARMOWA PIZZA<\/h3>\n<\/div>\n<\/div>\n<\/div>\n<\/div>\n<div class=\"col-md-5 zad_cont\">\n<div class=\"evtr-widget\">\n<div class=\"evtr-block\">\n<div class=\"evtr-trkitem evtr-trkitem-break\">\n<h3>ATRAKCYJNE NAGRODY<\/h3>\n<\/div>\n<\/div>\n<\/div>\n<\/div>\n<\/div>\n<div class=\"col-md-12 row\">\n<p class=\"text-left page_text\">\nPodczas HackYeah! odbywaj\u0105 si\u0119 r\u00f3wnie\u017c prelekcje, warsztaty i panele dyskusyjne, odnosz\u0105ce si\u0119 do temat\u00f3w aktualnych zada\u0144. Na scenie hackathonu wyst\u0105pili m.in Szymon \u201cJson\u201d Szcz\u0119\u015bniak, Tomasz Ro\u017cek, Mateusz Chrobok, Jakub &#8220;Unknow&#8221; Mrugalski. Hackathon od 2022 roku prowadzi Kasia W\u0119sierska. <\/p>\nngg_shortcode_0_placeholder\n<\/div>\n<\/div>\n<\/div>\n<\/div>\n<\/div>\n<\/div>\n<\/div>\n<div data-label=\"About\" data-id=\"about--1\" data-export-id=\"about-8\" data-category=\"about\" class=\"about-8 content-section content-section-spacing\" id=\"\" style=\"\" style=\"position: relative\">\n<div  class=\"big_text animated zoomIn duration3 eds-on-scroll \">WYZWANIA<\/div>\n<div  class=\"gridContainer\">\n<div  class=\"fluid\">\n<div  class=\"row middle-sm text-center\">\n<div  class=\"col-md-12\">\n<div class=\"wrapper\">\n<h2 class=\"wyzwaniaglitch\">WYZWANIA<\/h2>\n<\/div>\n<div class=\"row justify-content-between zad_all \">\n<div class=\"col-md-5 zad_cont\">\n<div class=\"evtr-widget\">\n<div class=\"evtr-block\">\n<div class=\"evtr-trkitem evtr-trkitem-break\">\n<h3>Artificial Intelligence<\/h3>\n<\/div>\n<\/div>\n<\/div>\n<\/div>\n<div class=\"col-md-5 zad_cont_2\">\n<div class=\"evtr-widget\">\n<div class=\"evtr-block\">\n<div class=\"evtr-trkitem evtr-trkitem-break\">\n<h3>Gamedev<\/h3>\n<\/div>\n<\/div>\n<\/div>\n<\/div>\n<div class=\"col-md-5 zad_cont_2\">\n<div class=\"evtr-widget\">\n<div class=\"evtr-block\">\n<div class=\"evtr-trkitem evtr-trkitem-break\">\n<h3>Cybersecurity<\/h3>\n<\/div>\n<\/div>\n<\/div>\n<\/div>\n<div class=\"col-md-5 zad_cont\">\n<div class=\"evtr-widget\">\n<div class=\"evtr-block\">\n<div class=\"evtr-trkitem evtr-trkitem-break\">\n<h3>Finance<\/h3>\n<\/div>\n<\/div>\n<\/div>\n<\/div>\n<div class=\"col-md-5 zad_cont\">\n<div class=\"evtr-widget\">\n<div class=\"evtr-block\">\n<div class=\"evtr-trkitem evtr-trkitem-break\">\n<h3>Education<\/h3>\n<\/div>\n<\/div>\n<\/div>\n<\/div>\n<div class=\"col-md-5 zad_cont_2\">\n<div class=\"evtr-widget\">\n<div class=\"evtr-block\">\n<div class=\"evtr-trkitem evtr-trkitem-break\">\n<h3>Wellness &#038; Activities<\/h3>\n<\/div>\n<\/div>\n<\/div>\n<\/div>\n<\/div>\n<div class=\"col-md-12 row text-center\">\n<p class=\"text-center page_text\" style=\"text-align: center !important; font-weight: bold;\">Wkr\u00f3tce pojawi si\u0119 wi\u0119cej\u2026<\/p>\n<\/div>\n<\/div>\n<\/div>\n<\/div>\n<\/div>\n<\/div>\n<div data-label=\"About\" data-id=\"about--1\" data-export-id=\"about-8\" data-category=\"about\" class=\"about-8 content-section content-section-spacing\" id=\"\" style=\"\" style=\"position: relative\">\n<div  class=\"big_text animated zoomIn duration3 eds-on-scroll \">Tw\u00f3rz bez ogranicze\u0144<\/div>\n<div  class=\"gridContainer\">\n<div  class=\"fluid\">\n<div  class=\"row middle-sm text-center\">\n<div  class=\"col-md-12\">\n<div class=\"wrapper\">\n<h2 class=\"bezograniczen\">Tw\u00f3rz bez ogranicze\u0144<\/h2>\n<\/div>\n<div class=\"col-md-12 row\">\n<p class=\"text-left page_text\">W HackYeah stawiamy na r\u00f3wno\u015b\u0107 i r\u00f3\u017cnorodno\u015b\u0107, tworz\u0105c przyjazne \u015brodowisko do pracy, nauki i networkingu. Niezale\u017cnie od do\u015bwiadczenia, ka\u017cdy mo\u017ce wzi\u0105\u0107 udzia\u0142 w hackathonie \u2013 od student\u00f3w po specjalist\u00f3w. Projekty mog\u0105 by\u0107 zg\u0142aszane indywidualnie lub w zespo\u0142ach. Do\u0142\u0105cz do naszego <a href=\"https:\/\/discord.com\/invite\/JJzBhMs5uF\" target=\"_blank\" style=\"color: #e6007e !important;\" rel=\"noopener\">Discorda<\/a> i poznaj spo\u0142eczno\u015b\u0107!<br \/> \n  <\/p>\n<\/div>\n<div class=\"col-md-12 row\" style=\"margin: 40px 0px\">\n<p class=\"text-left page_text\">Zobacz, jak hackathon wygl\u0105da w praktyce! Obejrzyj oficjalne AFTERMOVIE z HackYeah 2023 i poczuj niepowtarzalny klimat tego wydarzenia. Sprawd\u017a, dlaczego HackYeah jest jednym z najwa\u017cniejszych wydarze\u0144 w \u015bwiecie IT.<\/p>\n<\/div>\n<div class=\"col-md-12 row text-center\">\n\t<!--\n\t<a href=\"https:\/\/www.youtube.com\/watch?v=A03hlZaxhfQ\" target=\"_blank\" class=\"move_btn\" rel=\"noopener\"><img decoding=\"async\" src=\"\/wp-content\/uploads\/2024\/08\/zobacz-film.png\" alt=\"\" border=\"0\"><\/a>\n\t\n\n--><br \/>\n\t<iframe loading=\"lazy\" width=\"560\" height=\"470\" src=\"https:\/\/www.youtube.com\/embed\/A03hlZaxhfQ?si=A-jAzDnHm0-pTTP5\" title=\"YouTube video player\" frameborder=\"0\" allow=\"accelerometer; autoplay; clipboard-write; encrypted-media; gyroscope; picture-in-picture; web-share\" referrerpolicy=\"strict-origin-when-cross-origin\" allowfullscreen><\/iframe>\n<\/div>\n<\/div>\n<\/div>\n<\/div>\n<\/div>\n<\/div>\n","protected":false},"excerpt":{"rendered":"<p>PODEJMIJ WYZWANIE PODEJMIJ WYZWANIE Presti\u017c, wysokie nagrody, zabawa, nauka i mn\u00f3stwo darmowej pizzy \u2013 wszystko to czeka na Ciebie podczas HackYeah 2024, najwi\u0119kszego stacjonarnego hackathonu w Europie! Jeste\u015b z reklamy? \u0141ap kod na darmowy bilet: FREEHACK2024 Czym jest HackYeah? Czym jest HackYeah? HackYeah to wyj\u0105tkowy hackathon, kt\u00f3ry gromadzi i \u0142\u0105czy pasjonat\u00f3w bran\u017cy IT, skupiaj\u0105cych si\u0119&hellip; <br \/> <a class=\"read-more\" href=\"https:\/\/hackyeah.pl\/pl\/podejmij-wyzwanie\/\">Read more<\/a><\/p>\n","protected":false},"author":1,"featured_media":0,"parent":0,"menu_order":0,"comment_status":"closed","ping_status":"closed","template":"pro\/page-templates\/full-width-homepage-header.php","meta":{"ngg_post_thumbnail":0,"footnotes":""},"class_list":["post-2911","page","type-page","status-publish","hentry"],"aioseo_notices":[],"_links":{"self":[{"href":"https:\/\/hackyeah.pl\/pl\/wp-json\/wp\/v2\/pages\/2911","targetHints":{"allow":["GET"]}}],"collection":[{"href":"https:\/\/hackyeah.pl\/pl\/wp-json\/wp\/v2\/pages"}],"about":[{"href":"https:\/\/hackyeah.pl\/pl\/wp-json\/wp\/v2\/types\/page"}],"author":[{"embeddable":true,"href":"https:\/\/hackyeah.pl\/pl\/wp-json\/wp\/v2\/users\/1"}],"replies":[{"embeddable":true,"href":"https:\/\/hackyeah.pl\/pl\/wp-json\/wp\/v2\/comments?post=2911"}],"version-history":[{"count":26,"href":"https:\/\/hackyeah.pl\/pl\/wp-json\/wp\/v2\/pages\/2911\/revisions"}],"predecessor-version":[{"id":2948,"href":"https:\/\/hackyeah.pl\/pl\/wp-json\/wp\/v2\/pages\/2911\/revisions\/2948"}],"wp:attachment":[{"href":"https:\/\/hackyeah.pl\/pl\/wp-json\/wp\/v2\/media?parent=2911"}],"curies":[{"name":"wp","href":"https:\/\/api.w.org\/{rel}","templated":true}]}}