{"id":3061,"date":"2024-08-30T12:16:28","date_gmt":"2024-08-30T10:16:28","guid":{"rendered":"https:\/\/hackyeah.pl\/?page_id=3061"},"modified":"2024-09-16T14:59:26","modified_gmt":"2024-09-16T12:59:26","slug":"konferencja-2024","status":"publish","type":"page","link":"https:\/\/hackyeah.pl\/pl\/konferencja-2024\/","title":{"rendered":"Konferencja 2024"},"content":{"rendered":"<div id=\"initial-content-section conference_agenda\" class=\"content-section content-section-spacing\" data-id=\"initial-content-section\" data-export-id=\"initial-content-section\" data-label=\"Initial Content\">\n<div class=\"big_text animated zoomIn duration3 eds-on-scroll \">AGENDA<\/div>\n<div class=\"gridContainer\">\n<div class=\"fluid\">\n<div class=\"row middle-sm text-center\">\n<div class=\"col-md-12\">\n<div class=\"wrapper\">\n<h2 class=\"glitch-agenda\">AGENDA<\/h2>\n<\/div>\n<div class=\"row\">\n<div class=\"col-md-12 col-sm-12 \">\n<!--\n\n\n<div class=\"section-title-col data-btn-schedule\" data-type=\"column\">\n\n\n<div id=\"day1\" class=\"button color1\">Oct 22th<\/div>\n\n\n\n\n<div id=\"day2\" class=\"button color12\">Oct 23th<\/div>\n\n\n<\/div>\n\n\n-->\t<\/p>\n<div class=\"dzien1\">\n<div class=\"track-names\">\n<p class=\"track-name-2 \" data-col=\"1\">sala zach\u00f3d A &#8211; TRACK 1<\/p>\n<p class=\"track-name-2 \" data-col=\"2\">sala zach\u00f3d B &#8211; TRACK 2<\/p>\n<p class=\"track-name-2 \" data-col=\"3\">sala wsch\u00f3d A &#8211; TRACK 3<\/p>\n<p class=\"track-name-2 \" data-col=\"4\">sala wsch\u00f3d D &#8211; TRACK 4<\/p>\n<\/div>\n<div class=\"eventory-schedule\" data-event-id=\"4848\" data-hour24=\"true\" data-show-day=\"0\" data-lang=\"en\" data-bio-url=\"\/bio_conference_2024\" data-lecture-url=\"\/lecture_conference_2024\"><\/div>\n<\/div>\n<p>\t<!--\n\n\n<div class=\"dzien2 dayhide\">\n\n\n<div class=\"track-names\">\n\n\n<p class=\"track-name-2 \" data-col=\"1\">Track 1<\/p>\n\n\n\n\n<p class=\"track-name-2 \" data-col=\"2\">Track 2<\/p>\n\n\n\n\n<p class=\"track-name-2 \" data-col=\"3\">Track 3<\/p>\n\n\n\n\n<p class=\"track-name-2 \" data-col=\"3\">UNCONFERENCE<\/p>\n\n\n\n<\/div>\n\n\n\n\n<div class=\"eventory-schedule\" data-event-id=\"4848\" data-hour24=\"true\" data-show-day=\"1\" data-lang=\"en\" data-bio-url=\"\/bio_conference_2024\" data-lecture-url=\"\/lecture_conference_2024\"><\/div>\n\n\n\t\n\t<\/div>\n\n\n-->\n<\/div>\n<\/p><\/div>\n<\/p><\/div>\n<\/div><\/div>\n<\/div>\n<\/div>\n<div id=\"speakers\"><\/div>\n<div id=\"initial-content-section\" class=\"content-section content-section-spacing\" data-id=\"initial-content-section\" data-export-id=\"initial-content-section\" data-label=\"Initial Content\">\n<div class=\"big_text animated zoomIn duration3 eds-on-scroll \">PRELEGENCI KONFERENCJI<\/div>\n<div class=\"gridContainer\">\n<div class=\"fluid\">\n<div class=\"row middle-sm text-center\">\n<div class=\"col-md-12\">\n<div class=\"wrapper\">\n<h2 class=\"glitch-conference\">PRELEGENCI KONFERENCJI<\/h2>\n<\/div>\n<div class=\"row\">\n<div class=\"col-md-12 col-sm-12 \">\n<div class=\"eventory-speakers\" data-event-id=\"4848\" data-bio-url=\"\/bio_conference_2024\" data-lecture-url=\"\/lecture_conference_2024\" data-public-key=\"1899.d2JaYyUUHXc22yamWqAHdmenIs0\"><\/div>\n<\/div>\n<\/div><\/div>\n<\/p><\/div>\n<\/div><\/div>\n<\/div>\n","protected":false},"excerpt":{"rendered":"<p>AGENDA AGENDA sala zach\u00f3d A &#8211; TRACK 1 sala zach\u00f3d B &#8211; TRACK 2 sala wsch\u00f3d A &#8211; TRACK 3 sala wsch\u00f3d D &#8211; TRACK 4 PRELEGENCI KONFERENCJI PRELEGENCI KONFERENCJI<\/p>\n","protected":false},"author":1,"featured_media":0,"parent":0,"menu_order":0,"comment_status":"closed","ping_status":"closed","template":"pro\/page-templates\/full-width-homepage-header.php","meta":{"ngg_post_thumbnail":0,"footnotes":""},"class_list":["post-3061","page","type-page","status-publish","hentry"],"aioseo_notices":[],"_links":{"self":[{"href":"https:\/\/hackyeah.pl\/pl\/wp-json\/wp\/v2\/pages\/3061","targetHints":{"allow":["GET"]}}],"collection":[{"href":"https:\/\/hackyeah.pl\/pl\/wp-json\/wp\/v2\/pages"}],"about":[{"href":"https:\/\/hackyeah.pl\/pl\/wp-json\/wp\/v2\/types\/page"}],"author":[{"embeddable":true,"href":"https:\/\/hackyeah.pl\/pl\/wp-json\/wp\/v2\/users\/1"}],"replies":[{"embeddable":true,"href":"https:\/\/hackyeah.pl\/pl\/wp-json\/wp\/v2\/comments?post=3061"}],"version-history":[{"count":3,"href":"https:\/\/hackyeah.pl\/pl\/wp-json\/wp\/v2\/pages\/3061\/revisions"}],"predecessor-version":[{"id":3120,"href":"https:\/\/hackyeah.pl\/pl\/wp-json\/wp\/v2\/pages\/3061\/revisions\/3120"}],"wp:attachment":[{"href":"https:\/\/hackyeah.pl\/pl\/wp-json\/wp\/v2\/media?parent=3061"}],"curies":[{"name":"wp","href":"https:\/\/api.w.org\/{rel}","templated":true}]}}